{"id":1089,"date":"2016-08-31T14:55:43","date_gmt":"2016-08-31T13:55:43","guid":{"rendered":"http:\/\/glazza.eu\/?page_id=1089"},"modified":"2016-09-11T22:49:49","modified_gmt":"2016-09-11T21:49:49","slug":"glazza-in-gaza","status":"publish","type":"page","link":"https:\/\/glazza.eu\/fr\/glazza-in-gaza\/","title":{"rendered":"GLAZZA \u00e0 Gaza"},"content":{"rendered":"<p><span style=\"font-family: 'Courier New',Courier;\"><span style=\"color: #008080;\">L\u2019artiste belge Mich\u00e8le Vanvlasselaer formera une \u00e9quipe d\u2019artisans, d\u2019\u00e9tudiants et d\u2019artistes palestiniens en vue de pouvoir \u00e0 terme travailler ensemble \u00e0 la r\u00e9alisation de vitraux pour le secteur priv\u00e9 \u00e0 Gaza. GLAZZA examine \u00e9galement les possibilit\u00e9s d\u2019exportation de vitraux dans le monde entier. Regardez ce petit film de 10\u2019 sur les d\u00e9buts de ce projet \u00e0 Gaza.<br \/>\n<\/span><\/span><\/p>\n<p><iframe loading=\"lazy\" src=\"https:\/\/player.vimeo.com\/video\/182281733\" width=\"770\" height=\"433\" frameborder=\"0\" title=\"GLAZZA (Mich&egrave;le Vanvlasselaer \/\/ glass art in Gaza) VOstrFR\" webkitallowfullscreen mozallowfullscreen allowfullscreen><\/iframe><\/p>","protected":false},"excerpt":{"rendered":"<p>L\u2019artiste belge Mich\u00e8le Vanvlasselaer formera une \u00e9quipe d\u2019artisans, d\u2019\u00e9tudiants et d\u2019artistes palestiniens en vue de pouvoir \u00e0 terme travailler ensemble \u00e0 la r\u00e9alisation de vitraux pour le secteur priv\u00e9 \u00e0 Gaza. GLAZZA examine \u00e9galement les possibilit\u00e9s d\u2019exportation de vitraux dans [&hellip;]<\/p>\n","protected":false},"author":1,"featured_media":0,"parent":0,"menu_order":0,"comment_status":"closed","ping_status":"closed","template":"","meta":[],"_links":{"self":[{"href":"https:\/\/glazza.eu\/fr\/wp-json\/wp\/v2\/pages\/1089"}],"collection":[{"href":"https:\/\/glazza.eu\/fr\/wp-json\/wp\/v2\/pages"}],"about":[{"href":"https:\/\/glazza.eu\/fr\/wp-json\/wp\/v2\/types\/page"}],"author":[{"embeddable":true,"href":"https:\/\/glazza.eu\/fr\/wp-json\/wp\/v2\/users\/1"}],"replies":[{"embeddable":true,"href":"https:\/\/glazza.eu\/fr\/wp-json\/wp\/v2\/comments?post=1089"}],"version-history":[{"count":10,"href":"https:\/\/glazza.eu\/fr\/wp-json\/wp\/v2\/pages\/1089\/revisions"}],"predecessor-version":[{"id":1233,"href":"https:\/\/glazza.eu\/fr\/wp-json\/wp\/v2\/pages\/1089\/revisions\/1233"}],"wp:attachment":[{"href":"https:\/\/glazza.eu\/fr\/wp-json\/wp\/v2\/media?parent=1089"}],"curies":[{"name":"wp","href":"https:\/\/api.w.org\/{rel}","templated":true}]}}