{"id":1133,"date":"2016-08-31T21:18:52","date_gmt":"2016-08-31T20:18:52","guid":{"rendered":"http:\/\/glazza.eu\/?page_id=1133"},"modified":"2017-09-23T10:40:15","modified_gmt":"2017-09-23T09:40:15","slug":"agenda","status":"publish","type":"page","link":"https:\/\/glazza.eu\/fr\/agenda\/","title":{"rendered":"AGENDA"},"content":{"rendered":"<p><\/p>\n<p style=\"text-align: left;\"><span style=\"font-family: 'Courier New', Courier; color: #000000;\">De Gaza \u00e0\u00a0Bruxelles#2<\/span><\/p>\n<header class=\"uppercase fixed\">\n<h3>10 NOVEMBRE 2017 &#8211; 19:30<\/h3>\n<\/header>\n<p><img loading=\"lazy\" class=\"alignleft size-full wp-image-1364\" src=\"http:\/\/glazza.eu\/wp-content\/uploads\/2016\/04\/fotoAymanAlaa2017.jpg\" alt=\"\" width=\"5760\" height=\"3840\" srcset=\"https:\/\/glazza.eu\/wp-content\/uploads\/2016\/04\/fotoAymanAlaa2017.jpg 5760w, https:\/\/glazza.eu\/wp-content\/uploads\/2016\/04\/fotoAymanAlaa2017-300x200.jpg 300w, https:\/\/glazza.eu\/wp-content\/uploads\/2016\/04\/fotoAymanAlaa2017-1024x683.jpg 1024w\" sizes=\"(max-width: 5760px) 100vw, 5760px\" \/><\/p>\n<p class=\"public\">TOUT PUBLIC \u2013 GRATUIT<\/p>\n<p style=\"text-align: left;\"><span style=\"font-family: 'Courier New',Courier; color: #008080;\">Comment parler de la paix \u00e0 travers un \u201cbattle\u201d artistique\u00a0C&rsquo;est tout l&rsquo;enjeu du <strong>workshop<\/strong> qui se tiendra du <strong>lundi 30 septembre au vendredi 3 novembre<\/strong> de <strong>14:00<\/strong> \u00e0 <strong>17:00<\/strong> \u00e0 la <strong><a href=\"http:\/\/www.maisondelacreation.org\/evenements\/DE-GAZA-A-BRUXELLES-2\" target=\"_blank\" rel=\"noopener noreferrer\">Maison de la cr\u00e9ation<\/a> &#8211; Centre culturel Bruxelles Nord.<\/strong><\/span><\/p>\n<p style=\"text-align: left;\"><span style=\"font-family: 'Courier New',Courier; color: #008080;\">Se r\u00e9approprier les mots pour dire le monde et sa complexit\u00e9.<\/span><\/p>\n<p style=\"text-align: left;\"><span style=\"font-family: 'Courier New',Courier; color: #008080;\">Un vernissage d\u2019expo, une table ronde, la projection du film d\u2019animation r\u00e9alis\u00e9 par de jeunes \u00e9tudiants de Gaza viendront cl\u00f4turer ce projet le <strong>vendredi 10 novembre<\/strong>. Des artistes et des jeunes s\u2019engagent pour \u00e9voquer \u00e0 la fois le conflit isra\u00e9lo-palestinien tout en faisant \u00e9cho \u00e0 la comm\u00e9moration de l\u2019armistice du 11 novembre.\u00a0<\/span><\/p>\n<p style=\"text-align: left;\"><span style=\"font-family: 'Courier New',Courier; color: #008080;\"><strong>\/\/\/ PROJET \/\/\/<\/strong><\/span><\/p>\n<p style=\"text-align: left;\"><img loading=\"lazy\" class=\"alignleft size-full wp-image-1376\" src=\"http:\/\/glazza.eu\/wp-content\/uploads\/2016\/08\/UNRWA_G1_01_X1_0466.jpg\" alt=\"\" width=\"3125\" height=\"2083\" srcset=\"https:\/\/glazza.eu\/wp-content\/uploads\/2016\/08\/UNRWA_G1_01_X1_0466.jpg 3125w, https:\/\/glazza.eu\/wp-content\/uploads\/2016\/08\/UNRWA_G1_01_X1_0466-300x200.jpg 300w, https:\/\/glazza.eu\/wp-content\/uploads\/2016\/08\/UNRWA_G1_01_X1_0466-1024x683.jpg 1024w\" sizes=\"(max-width: 3125px) 100vw, 3125px\" \/><\/p>\n<p style=\"text-align: left;\"><span style=\"font-family: 'Courier New',Courier; color: #008080;\">Un film d&rsquo;animation a \u00e9t\u00e9 r\u00e9alis\u00e9 par des <strong>jeunes \u00e0 Gaza<\/strong> au cours du mois de juillet, et des jeunes de Bruxelles cr\u00e9eront une musique et textes accompagnant ce film d&rsquo;animation qui sera montr\u00e9 \u00e0 la <a href=\"http:\/\/www.maisondelacreation.org\/evenements\/DE-GAZA-A-BRUXELLES-2\" target=\"_blank\" rel=\"noopener noreferrer\"><strong>Maison de la cr\u00e9ation<\/strong><\/a> \u00e0 la fin d&rsquo;un atelier de cr\u00e9ation de rap et de musique d\u00e9but novembre.<\/span><\/p>\n<p style=\"text-align: left;\"><span style=\"font-family: 'Courier New',Courier; color: #008080;\">Les jeunes de Gaza sont des enfants de r\u00e9fugi\u00e9s palestiniens d&rsquo;\u00e9coles des <a href=\"https:\/\/www.unrwa.org\" target=\"_blank\" rel=\"noopener noreferrer\"><strong>Nations Unies<\/strong><\/a> (UNRWA) et des programmes de la <a href=\"http:\/\/www.qattanfoundation.org\/en\/cap\" target=\"_blank\" rel=\"noopener noreferrer\"><strong>A.M. Qattan Foundation<\/strong><\/a>. Le projet \u00e0 Gaza a \u00e9t\u00e9 propos\u00e9 et accompagn\u00e9 dans le cadre des Summer Fun Weeks de UNRWA par les artistes bruxellois <a href=\"http:\/\/www.graphoui.org\/2014\/\" target=\"_blank\" rel=\"noopener noreferrer\"><strong>Aline Moens<\/strong> (<strong>Graphoui<\/strong>)<\/a> et <a href=\"http:\/\/www.michelevanvlasselaer.com\" target=\"_blank\" rel=\"noopener noreferrer\"><strong>Mich\u00e8le Vanvlasselaer<\/strong><\/a> (<strong>Glazza<\/strong>).<\/span><\/p>\n<p style=\"text-align: left;\"><span style=\"font-family: 'Courier New',Courier; color: #008080;\">Gr\u00e2ce \u00e0 <a href=\"http:\/\/www.musicfund.eu\" target=\"_blank\" rel=\"noopener noreferrer\"><strong>Music Fund<\/strong><\/a>, le duo <strong>Bani Adam<\/strong> de Gaza (rappeur <strong>Ayman Mghamis<\/strong> et musicien <strong>Alaa Shublaq<\/strong>) viendront du <strong>30 octobre au 4 novembre<\/strong> \u00e0 Bruxelles donner un atelier \u00e0 la <strong>Maison de la cr\u00e9ation<\/strong> pour des jeunes rappeurs et musiciens (\u00e0 partir de 16 ans) pendant lequel ils travailleront sur la cr\u00e9ation de textes et musiques pouvant accompagner le film d&rsquo;animation fait par les jeunes de Gaza.<\/span><\/p>\n<p style=\"text-align: left;\"><span style=\"font-family: 'Courier New',Courier; color: #008080;\">Les premiers r\u00e9sultats de ce travail seront montr\u00e9s au cours d&rsquo;une soir\u00e9e \u00e0 la Maison de la cr\u00e9ation le vendredi 10 novembre. Pendant cette soir\u00e9e il y aura aussi l&rsquo;ouverture d&rsquo;une exposition sur le film d&rsquo;animation des jeunes de Gaza et une table ronde autour du rappeur Ayman Mghamis de Gaza sur la place de l&rsquo;art dans le d\u00e9veloppement de Gaza.<\/span><\/p>\n<p style=\"text-align: left;\"><span style=\"font-family: 'Courier New',Courier; color: #008080;\">Ce projet est la deuxi\u00e8me \u00e9dition d&rsquo;un programme d&rsquo;\u00e9change entre Gaza et Bruxelles, une initiative de Glazza et la Maison de la cr\u00e9ation, cette ann\u00e9e en partenariat aussi avec <strong>Music Fund, Atelier Graphoui, <a href=\"https:\/\/www.unrwa.org\/newsroom\/press-releases\/nearly-200000-gaza-children-take-part-unrwa-\u2018summer-fun-weeks\u2019\" target=\"_blank\" rel=\"noopener noreferrer\">Summer Fun Weeks<\/a><\/strong> (UNRWA) et la <strong>A.M. Qattan Foundation<\/strong>. Le projet est rendu possible gr\u00e2ce au soutien financier de la <strong>R\u00e9gion de Bruxelles-Capitale<\/strong> (la Minstre Fadila Laanan), la <strong>Commission Communautaire Fran\u00e7aise<\/strong> et la <strong>Ville de Bruxelles<\/strong> (Cellule Solidarit\u00e9 Internationale).<\/span><\/p>\n<p style=\"text-align: left;\"><span style=\"font-family: 'Courier New',Courier; color: #008080;\"><strong>\/\/\/ LE FILM D&rsquo;ANIMATION &gt; DESCRIPTION \/\/\/<\/strong><\/span><\/p>\n<p style=\"text-align: left;\"><span style=\"font-family: 'Courier New',Courier; color: #008080;\">Voici ce que les enfants et adolescents de Gaza qui ont r\u00e9alis\u00e9 le film d&rsquo;animation disent sur le Gaza dont ils ont r\u00eavent en dessinant le film d&rsquo;animation:<br \/>\n<em>\u00ab\u00a0Le village de Gaza \u00e9tait un jeune tigre pr\u00eat \u00e0 relever des d\u00e9fis, et il est devenu une grande ville.<br \/>\nMaintenant Gaza connait des nuits noires de destruction, et se reconstruit des beaux jours.<br \/>\nGaza est un vieux lion, qui regarde ses habitants avec une grande exp\u00e9rience et sagesse.<br \/>\nIl connait les difficult\u00e9s et souffrances qu&rsquo;ils traversent.<br \/>\nGaza est une lionne qui sourit et montre des dents pour prot\u00e9ger ses enfants.\u00a0\u00bb<\/em><\/span><\/p>\n<p style=\"text-align: left;\"><span style=\"font-family: 'Courier New',Courier; color: #008080;\"><strong>\/\/\/ WORKSHOP \/\/\/<\/strong><\/span><\/p>\n<p style=\"text-align: left;\"><span style=\"font-family: 'Courier New',Courier; color: #008080;\"><strong>Ayman Mghamis<\/strong> dirigera un \u2018workshop&rsquo; avec de jeunes rappeurs \u00e0 partir de 16 ans(groupe de maximum 10 \u00e0 12 personnes) et sera assist\u00e9 par <strong>Alaa Shublaq<\/strong> (Gaza), <strong>Jade Hoornaert<\/strong> (b\u00e9n\u00e9vole Glazza\/Music Fund) et un artiste-animateur rappeur belge.<\/span><\/p>\n<p style=\"text-align: left;\"><span style=\"font-family: 'Courier New',Courier; color: #008080;\"><strong>Le worshop se tiendra du lundi 30 septembre au vendredi 3 novembre de 14:00 \u00e0 17:00 \u00e0 la <a href=\"http:\/\/www.maisondelacreation.org\/evenements\/DE-GAZA-A-BRUXELLES-2\" target=\"_blank\" rel=\"noopener noreferrer\">Maison de la cr\u00e9ation<\/a> &#8211; Centre culturel Bruxelles Nord.<\/strong><\/span><\/p>\n<p style=\"text-align: left;\"><span style=\"font-family: 'Courier New',Courier; color: #008080;\"><strong>\/\/\/ SOIREE DU 10-11-17 D\u00e8S 20:00 \/\/\/<\/strong><br \/>\n<strong>Concert <\/strong><strong>+ Film + d\u00e9bat + vernissage<\/strong><\/span><\/p>\n<p style=\"text-align: left;\"><span style=\"font-family: 'Courier New',Courier; color: #008080;\"><strong>&gt; Concert<\/strong> : Duo <strong>Bani Adam<\/strong> (<strong>Ayman Mghamis<\/strong> &amp; <strong>Alaa Shublacq<\/strong>) et projection du film d&rsquo;animation r\u00e9alis\u00e9 \u00e0 Gaza<\/span><\/p>\n<p style=\"text-align: left;\"><span style=\"font-family: 'Courier New',Courier; color: #008080;\"><strong>&gt; Table ronde \u00ab\u00a0Un rappeur \u00e0 Gaza\u00a0\u00bb:<br \/>\n&#8211; Intervenants: Ayman Mghamis &amp; Lukas Pairon (fondateur Music Fund <\/strong>et <strong>Glazza)<br \/>\n&#8211; Mod\u00e9rateur : \u00e0 d\u00e9finir<\/strong><\/span><\/p>\n<p style=\"text-align: left;\"><span style=\"font-family: 'Courier New',Courier; color: #008080;\"><strong>&gt; Vernissage et rencontre<\/strong> entre public, artistes, intervenants, participants au workshop<br \/>\n&#8212;&#8211;<\/span><\/p>\n<p style=\"text-align: left;\"><span style=\"font-family: 'Courier New',Courier; color: #008080;\">Artistes:<br \/>\nAyman Mghames: https:\/\/www.facebook.com\/AbuJoury1<br \/>\nAlaa Shublaq: https:\/\/www.facebook.com\/alaa.shublaq.5<br \/>\nL&rsquo;ensemble Bani Adam : https:\/\/www.facebook.com\/BaniAdamBand<\/span><\/p>\n<p style=\"text-align: left;\"><span style=\"font-family: 'Courier New',Courier; color: #008080;\">Partenaires:<\/span><\/p>\n<p style=\"text-align: left;\"><span style=\"font-family: 'Courier New',Courier; color: #008080;\"><strong>UNRWA Summer Fun Weeks<\/strong>, Gaza (www.unrwa.org)<strong><br \/>\nMaison de la cr\u00e9ation<\/strong> (www.maisondelacreation.org)<strong><br \/>\nGlazza<\/strong> (www.glazza.eu)<strong><br \/>\nMusic Fund<\/strong> (www.musicfund.eu)<strong><br \/>\nAtelier Graphoui<\/strong> (www.graphoui.org)<strong><br \/>\nA.M. Qattan Foundation <\/strong>(www.qattanfoundation.org)<strong><br \/>\nCommission communautaire fran\u00e7aise de la R\u00e9gion de Bruxelles<\/strong> (COCOF)<br \/>\n<strong>Solidarit\u00e9 internationale<\/strong> &#8211; Ville de Bruxelles<\/span><\/p>\n<hr \/>\n<p><strong><span style=\"font-family: 'Courier New',Courier;\">CONFERANCE: L\u2019impact de l\u2019art et de la culture sur le d\u00e9veloppement avec Lukas Pairon<\/span><\/strong><\/p>\n<p style=\"padding-left: 30px;\"><span style=\"font-family: 'Courier New',Courier;\"><span style=\"text-decoration: underline;\">Date:<\/span> Mardi 9 Mai 2017, 17h45 &#8211; 20h30<\/span><\/p>\n<p style=\"padding-left: 30px;\"><span style=\"font-family: 'Courier New',Courier;\"><span style=\"text-decoration: underline;\">Lieu<\/span>: Mus\u00e9e Bozar , Terarken, 1000 Bruxelles <\/span><\/p>\n<p style=\"padding-left: 30px;\"><span style=\"font-family: 'Courier New',Courier;\"><span style=\"text-decoration: underline;\">Langue<\/span>: N\u00e9erlandais<\/span><\/p>\n<p style=\"padding-left: 30px;\"><span style=\"font-family: 'Courier New',Courier;\"><span style=\"text-decoration: underline;\">Remarques<\/span>:\u00a0 <strong>Entr\u00e9e libre sur inscription.<br \/>\n<\/strong>Inscription obligatoire avant le vendredi 5 mai. Pour ce faire, remplissez le formulaire d\u2019inscription <a href=\"http:\/\/echoscommunication.org\/2017\/03\/21\/conference-ngo-lukas-pairon-sur-limpact-de-lart-et-de-la-culture-sur-le-developpement\/\" target=\"_blank\" rel=\"noopener noreferrer\">sur cette page<\/a> ou envoyez un e-mail \u00e0 <a href=\"mailto:sylvie.walraevens@echoscommunication.org\" target=\"_blank\" rel=\"noopener noreferrer\">sylvie.walraevens@echoscommunication.org<\/a>, en mentionnant votre nom, l\u2019organisation que vous repr\u00e9sentez et votre num\u00e9ro de t\u00e9l\u00e9phone.<\/span><\/p>\n<p style=\"padding-left: 30px;\"><img loading=\"lazy\" class=\"alignleft size-full wp-image-1305\" src=\"http:\/\/glazza.eu\/wp-content\/uploads\/2016\/08\/04-Kinshasa03.jpg\" alt=\"\u00a9 Olivier Marie\" width=\"5866\" height=\"4042\" srcset=\"https:\/\/glazza.eu\/wp-content\/uploads\/2016\/08\/04-Kinshasa03.jpg 5866w, https:\/\/glazza.eu\/wp-content\/uploads\/2016\/08\/04-Kinshasa03-300x207.jpg 300w, https:\/\/glazza.eu\/wp-content\/uploads\/2016\/08\/04-Kinshasa03-1024x706.jpg 1024w\" sizes=\"(max-width: 5866px) 100vw, 5866px\" \/><\/p>\n<p style=\"padding-left: 30px;\"><span style=\"font-family: 'Courier New',Courier;\">\u00a9 Olivier Marie<\/span><\/p>\n<p><span style=\"font-family: 'Courier New',Courier;\">D\u00e9but 2009, <strong>Lukas Pairon<\/strong> a vu la premi\u00e8re \u00e9cole de musique de Gaza se faire bombarder et rouvrir ses portes \u00e0 peine deux mois plus tard. \u00ab N\u2019avaient-ils pas d\u2019autres priorit\u00e9s ? \u00bb, \u00eates-vous en droit de vous demander. Lors de cette conf\u00e9rence, Lukas Pairon vous r\u00e9pondra en partageant les conclusions de sa th\u00e8se de doctorat sur le sens de la musique pour les jeunes dans un environnement violent. Il a suivi de pr\u00e8s deux groupes de jeunes vuln\u00e9rables de Kinshasa : des anciens gangsters et ceux que l\u2019on appelle \u00ab les enfants sorciers \u00bb. Vous aurez ensuite l\u2019opportunit\u00e9 de lui poser toutes vos questions lors d\u2019une discussion.<br \/>\nL&rsquo;artiste belge <strong>Marie-Francoise Plissart<\/strong> pr\u00e9sentera aussi un teaser de son projet <em>Tambours Majeurs<\/em>, un film qu\u2019elle est en train de r\u00e9aliser sur les percussionnistes de l&rsquo;ensemble de musique Beta Mbonda, compos\u00e9 d&rsquo;anciens membres de gangs violents \u00e0 Kinshasa devenus fins musiciens, et \u00e9tudi\u00e9s par Lukas Pairon dans le cadre de sa th\u00e8se de doctorat.<\/span><\/p>\n<p><span style=\"font-family: 'Courier New',Courier;\"><strong>Lukas Pairon<\/strong> fut, tour \u00e0 tour, directeur artistique du <strong>Festival van Vlaanderen<\/strong>, fondateur et directeur g\u00e9n\u00e9ral de la compagnie de th\u00e9\u00e2tre musical <strong>Walpurgis<\/strong> et directeur de l\u2019ensemble <strong>Ictus<\/strong>. En 2005, il a fond\u00e9 <strong>Music Fund<\/strong>, une organisation qui soutient les jeunes musiciens et les \u00e9coles de musique dans les zones de conflit. Entre 2009 et 2012, il a dirig\u00e9 un programme d\u2019\u00e9change entre des d\u00e9fenseurs des droits de l\u2019homme palestiniens et isra\u00e9liens ainsi que des jeunes de dix-huit ans d\u2019\u00e9coles anversoises. Actuellement, Lukas Pairon est le cofondateur et pr\u00e9sident de <strong>Glazza<\/strong>, une organisation qui soutient des projets artistiques et \u00e9ducatifs \u00e0 Gaza.<\/span><\/p>\n<hr \/>\n<p><span style=\"font-family: 'Courier New',Courier;\"><strong>VERNISSAGE: \u201cDe Gaza \u00e0 Bruxelles, Contre vents et mar\u00e9es\u201d, un project de Mich\u00e8le Vanvlasselaer.<\/strong> <\/span><\/p>\n<p style=\"padding-left: 30px;\"><span style=\"font-family: 'Courier New',Courier;\"><span style=\"text-decoration: underline;\">Date:<\/span> 9 Novembre 2016, 19h30 &#8211; 22h30<\/span><\/p>\n<p style=\"padding-left: 30px;\"><span style=\"font-family: 'Courier New',Courier;\"><span style=\"text-decoration: underline;\">Lieu<\/span>: Maison de la cr\u00e9ation,\u00a0Place Saint Nicolas 3, 1120 Brussel <\/span><\/p>\n<p style=\"padding-left: 30px;\"><span style=\"font-family: 'Courier New',Courier;\"><span style=\"text-decoration: underline;\">Remarques<\/span><strong>:\u00a0 Entr\u00e9e libre<\/strong><\/span><\/p>\n<p style=\"padding-left: 30px;\"><span style=\"font-family: 'Courier New',Courier;\">Une exposition faite par les jeunes de Bruxelles et de Gaza. <\/span><\/p>\n<p style=\"padding-left: 30px;\"><span style=\"font-family: 'Courier New',Courier;\"><span style=\"text-decoration: underline;\">Trailer:<\/span> https:\/\/vimeo.com\/215265249<\/span><\/p>\n<p style=\"padding-left: 30px;\"><img loading=\"lazy\" class=\"alignleft size-full wp-image-1313\" src=\"http:\/\/glazza.eu\/wp-content\/uploads\/2016\/08\/weavings.jpg\" alt=\"weavings\" width=\"3168\" height=\"2112\" srcset=\"https:\/\/glazza.eu\/wp-content\/uploads\/2016\/08\/weavings.jpg 3168w, https:\/\/glazza.eu\/wp-content\/uploads\/2016\/08\/weavings-300x200.jpg 300w, https:\/\/glazza.eu\/wp-content\/uploads\/2016\/08\/weavings-1024x683.jpg 1024w\" sizes=\"(max-width: 3168px) 100vw, 3168px\" \/><\/p>\n<hr \/>\n<p><img loading=\"lazy\" class=\"size-full wp-image-1243\" src=\"http:\/\/glazza.eu\/wp-content\/uploads\/2016\/04\/noname.jpg\" alt=\"Programme 5 October\" width=\"1748\" height=\"5669\" srcset=\"https:\/\/glazza.eu\/wp-content\/uploads\/2016\/04\/noname.jpg 1748w, https:\/\/glazza.eu\/wp-content\/uploads\/2016\/04\/noname-316x1024.jpg 316w\" sizes=\"(max-width: 1748px) 100vw, 1748px\" \/><\/p>","protected":false},"excerpt":{"rendered":"<p>De Gaza \u00e0\u00a0Bruxelles#2 10 NOVEMBRE 2017 &#8211; 19:30 TOUT PUBLIC \u2013 GRATUIT Comment parler de la paix \u00e0 travers un \u201cbattle\u201d artistique\u00a0C&rsquo;est tout l&rsquo;enjeu du workshop qui se tiendra du lundi 30 septembre au vendredi 3 novembre de 14:00 \u00e0 [&hellip;]<\/p>\n","protected":false},"author":1,"featured_media":0,"parent":0,"menu_order":0,"comment_status":"closed","ping_status":"closed","template":"","meta":[],"_links":{"self":[{"href":"https:\/\/glazza.eu\/fr\/wp-json\/wp\/v2\/pages\/1133"}],"collection":[{"href":"https:\/\/glazza.eu\/fr\/wp-json\/wp\/v2\/pages"}],"about":[{"href":"https:\/\/glazza.eu\/fr\/wp-json\/wp\/v2\/types\/page"}],"author":[{"embeddable":true,"href":"https:\/\/glazza.eu\/fr\/wp-json\/wp\/v2\/users\/1"}],"replies":[{"embeddable":true,"href":"https:\/\/glazza.eu\/fr\/wp-json\/wp\/v2\/comments?post=1133"}],"version-history":[{"count":42,"href":"https:\/\/glazza.eu\/fr\/wp-json\/wp\/v2\/pages\/1133\/revisions"}],"predecessor-version":[{"id":1387,"href":"https:\/\/glazza.eu\/fr\/wp-json\/wp\/v2\/pages\/1133\/revisions\/1387"}],"wp:attachment":[{"href":"https:\/\/glazza.eu\/fr\/wp-json\/wp\/v2\/media?parent=1133"}],"curies":[{"name":"wp","href":"https:\/\/api.w.org\/{rel}","templated":true}]}}