{"id":1404,"date":"2017-09-23T11:16:16","date_gmt":"2017-09-23T10:16:16","guid":{"rendered":"http:\/\/glazza.eu\/?page_id=1404"},"modified":"2017-09-23T12:10:04","modified_gmt":"2017-09-23T11:10:04","slug":"30-september-2017","status":"publish","type":"page","link":"https:\/\/glazza.eu\/fr\/30-september-2017\/","title":{"rendered":"30 Septembre 2017"},"content":{"rendered":"<p><\/p>\n<p style=\"text-align: left;\"><img loading=\"lazy\" class=\"alignleft size-full wp-image-1405\" src=\"http:\/\/glazza.eu\/wp-content\/uploads\/2017\/09\/sonofadams.jpg\" alt=\"\" width=\"3125\" height=\"2083\" srcset=\"https:\/\/glazza.eu\/wp-content\/uploads\/2017\/09\/sonofadams.jpg 3125w, https:\/\/glazza.eu\/wp-content\/uploads\/2017\/09\/sonofadams-300x200.jpg 300w, https:\/\/glazza.eu\/wp-content\/uploads\/2017\/09\/sonofadams-1024x683.jpg 1024w\" sizes=\"(max-width: 3125px) 100vw, 3125px\" \/><\/p>\n<header class=\"uppercase fixed\">\n<h3>30 SEPTEMBRE &#8211; 3\u00a0NOVEMBER 2017 &#8211;\u00a014.00-17.00<\/h3>\n<\/header>\n<p>&nbsp;<\/p>\n<p class=\"public\"><span style=\"font-family: 'Courier New',Courier; color: #008080;\"><strong>\/\/\/ WORKSHOP IN BRUSSELS\/\/\/<\/strong><\/span><\/p>\n<p style=\"text-align: left;\"><span style=\"font-family: 'Courier New',Courier; color: #008080;\"><strong>Ayman Mghamis<\/strong> dirigera un \u2018workshop&rsquo; avec de jeunes rappeurs \u00e0 partir de 16 ans(groupe de maximum 10 \u00e0 12 personnes) et sera assist\u00e9 par <strong>Alaa Shublaq<\/strong> (Gaza), <strong>Jade Hoornaert<\/strong> (b\u00e9n\u00e9vole Glazza\/Music Fund) et un artiste-animateur rappeur belge.<\/span><\/p>\n<p style=\"text-align: left;\"><span style=\"font-family: 'Courier New',Courier; color: #008080;\"><strong>Le worshop se tiendra du lundi 30 septembre au vendredi 3 novembre de 14:00 \u00e0 17:00 \u00e0 la <a href=\"http:\/\/www.maisondelacreation.org\/evenements\/DE-GAZA-A-BRUXELLES-2\" target=\"_blank\" rel=\"noopener noreferrer\">Maison de la cr\u00e9ation<\/a> &#8211; Centre culturel Bruxelles Nord.<\/strong><\/span><\/p>\n<p style=\"text-align: left;\"><span style=\"font-family: 'Courier New',Courier; color: #008080;\">Artistes:<br \/>\nAyman Mghames: https:\/\/www.facebook.com\/AbuJoury1<br \/>\nAlaa Shublaq: https:\/\/www.facebook.com\/alaa.shublaq.5<br \/>\nL&rsquo;ensemble Bani Adam : https:\/\/www.facebook.com\/BaniAdamBand<\/span><\/p>\n<p style=\"text-align: left;\"><span style=\"font-family: 'Courier New',Courier; color: #008080;\">Partenaires:<\/span><\/p>\n<p style=\"text-align: left;\"><span style=\"font-family: 'Courier New',Courier; color: #008080;\"><strong>UNRWA Summer Fun Weeks<\/strong>, Gaza (www.unrwa.org)<strong><br \/>\nMaison de la cr\u00e9ation<\/strong> (www.maisondelacreation.org)<strong><br \/>\nGlazza<\/strong> (www.glazza.eu)<strong><br \/>\nMusic Fund<\/strong> (www.musicfund.eu)<strong><br \/>\nAtelier Graphoui<\/strong> (www.graphoui.org)<strong><br \/>\nA.M. Qattan Foundation <\/strong>(www.qattanfoundation.org)<strong><br \/>\nCommission communautaire fran\u00e7aise de la R\u00e9gion de Bruxelles<\/strong> (COCOF)<br \/>\n<strong>Solidarit\u00e9 internationale<\/strong> &#8211; Ville de Bruxelles<\/span><\/p>\n<p><\/p>","protected":false},"excerpt":{"rendered":"<p>30 SEPTEMBRE &#8211; 3\u00a0NOVEMBER 2017 &#8211;\u00a014.00-17.00 &nbsp; \/\/\/ WORKSHOP IN BRUSSELS\/\/\/ Ayman Mghamis dirigera un \u2018workshop&rsquo; avec de jeunes rappeurs \u00e0 partir de 16 ans(groupe de maximum 10 \u00e0 12 personnes) et sera assist\u00e9 par Alaa Shublaq (Gaza), Jade Hoornaert [&hellip;]<\/p>\n","protected":false},"author":1,"featured_media":0,"parent":0,"menu_order":0,"comment_status":"closed","ping_status":"closed","template":"","meta":[],"_links":{"self":[{"href":"https:\/\/glazza.eu\/fr\/wp-json\/wp\/v2\/pages\/1404"}],"collection":[{"href":"https:\/\/glazza.eu\/fr\/wp-json\/wp\/v2\/pages"}],"about":[{"href":"https:\/\/glazza.eu\/fr\/wp-json\/wp\/v2\/types\/page"}],"author":[{"embeddable":true,"href":"https:\/\/glazza.eu\/fr\/wp-json\/wp\/v2\/users\/1"}],"replies":[{"embeddable":true,"href":"https:\/\/glazza.eu\/fr\/wp-json\/wp\/v2\/comments?post=1404"}],"version-history":[{"count":3,"href":"https:\/\/glazza.eu\/fr\/wp-json\/wp\/v2\/pages\/1404\/revisions"}],"predecessor-version":[{"id":1419,"href":"https:\/\/glazza.eu\/fr\/wp-json\/wp\/v2\/pages\/1404\/revisions\/1419"}],"wp:attachment":[{"href":"https:\/\/glazza.eu\/fr\/wp-json\/wp\/v2\/media?parent=1404"}],"curies":[{"name":"wp","href":"https:\/\/api.w.org\/{rel}","templated":true}]}}