{"id":520,"date":"2016-04-08T17:05:44","date_gmt":"2016-04-08T16:05:44","guid":{"rendered":"http:\/\/glazza.eu\/?page_id=520"},"modified":"2022-05-01T13:22:20","modified_gmt":"2022-05-01T12:22:20","slug":"projects","status":"publish","type":"page","link":"https:\/\/glazza.eu\/fr\/projects\/","title":{"rendered":"Projets"},"content":{"rendered":"<p><span style=\"font-family: 'Courier New',Courier; color: #008080;\">GLAZZA organise\u00a0: DES ACTIVIT\u00c9S SOCIO-ARTISTIQUES, DES ATELIERS, DES EXPOSITIONS et bien plus encore\u00a0!<\/span><\/p>\n<hr \/>\n<p><img loading=\"lazy\" class=\"alignleft wp-image-487 size-full\" src=\"http:\/\/glazza.eu\/wp-content\/uploads\/2016\/04\/badhuisKleinerFormaat.jpg\" alt=\"badhuisKleinerFormaat\" width=\"500\" height=\"625\" srcset=\"https:\/\/glazza.eu\/wp-content\/uploads\/2016\/04\/badhuisKleinerFormaat.jpg 500w, https:\/\/glazza.eu\/wp-content\/uploads\/2016\/04\/badhuisKleinerFormaat-240x300.jpg 240w\" sizes=\"(max-width: 500px) 100vw, 500px\" \/><\/p>\n<p><strong><span style=\"color: #008080;\"><span style=\"font-family: 'Courier New',Courier;\"> ACTIVIT\u00c9S\u00a0<\/span><\/span><\/strong><span style=\"font-family: 'Courier New',Courier;\"><span style=\"color: #008080;\">Quand ils pensent \u00e0 Gaza, la plupart d&rsquo;entre nous imaginent un endroit angoissant, dangereux et d\u00e9primant. Sans vouloir sous-estimer les immenses difficult\u00e9s de la vie \u00e0 Gaza, cette image ne correspond pas \u00e0 cet environnement bouillonnant de vie et ing\u00e9nieux. Par le biais de nos projets, nous tenons \u00e0 montrer une autre facette de la vie \u00e0 Gaza, et \u00e0 montrer \u00e0 quel point nos amis de Gaza, contre toute attente, tirent le meilleur parti de leur existence. Le respect pour la r\u00e9silience des Palestiniens \u00e0 Gaza peut aboutir \u00e0 de magnifiques collaborations.<\/span><\/span><\/p>\n<p><span style=\"font-family: 'Courier New',Courier;\"><em>Durant les \u00ab\u00a0deux semaines de la Solidarit\u00e9 internationale\u00a0\u00bb que la Ville de Bruxelles organisera en octobre, GLAZZA prendra part \u00e0 un projet d&rsquo;\u00e9change entre les villes de Gaza et de Bruxelles, en collaboration avec\u00a0<a href=\"http:\/\/www.maisondelacreation.org\" target=\"_blank\" rel=\"noopener noreferrer\">Maison de la cr\u00e9ation<\/a>.<\/em><br \/>\n<\/span><\/p>\n<p><span style=\"color: #ffffff;\">x<\/span><\/p>\n<hr \/>\n<p style=\"text-align: left;\"><strong><span style=\"font-family: 'Courier New',Courier; color: #008080;\"> ATELIERS \u00e0 Gaza<br \/>\n<\/span><\/strong><\/p>\n<p style=\"text-align: left;\"><span style=\"font-family: 'Courier New',Courier;\"><span style=\"color: #008080;\">L\u2019artiste belge Mich\u00e8le Vanvlasselaer formera une \u00e9quipe d\u2019artisans, d\u2019\u00e9tudiants et d\u2019artistes palestiniens en vue de pouvoir \u00e0 terme travailler ensemble \u00e0 la r\u00e9alisation de vitraux pour le secteur priv\u00e9 \u00e0 Gaza. GLAZZA examine \u00e9galement les possibilit\u00e9s d\u2019exportation de vitraux dans le monde entier. Regardez ce petit <a href=\"http:\/\/glazza.eu\/glazza-in-gaza\/\">FILM<\/a>\u00a0de 10\u2019 sur les d\u00e9buts de ce projet \u00e0 Gaza.<\/span><\/span><\/p>\n<p style=\"text-align: left;\"><span style=\"font-family: 'Courier New',Courier; color: #008080;\"><strong>UNRWA<\/strong><br \/>\nEn juillet 2016 et 2017 Mich\u00e8le Vanvlasselaer travaillait ensemble avec une \u00e9quipe d\u2019UNRWA (United Nations Relief and Works Agency for Palestine) sur un projet artistique en collaboration avec aussi des jeunes de la ville de Bruxelles en Belgique. Les r\u00e9sultats de ces stages artistiques avec enfants et adolescents de Gaza et de Bruxelles seront expos\u00e9s \u00e0 Bruxelles en 10 novembre 2017, et \u00e0 Gaza en 2018.<\/span><\/p>\n<hr \/>\n<p style=\"text-align: left;\"><strong><span style=\"font-family: 'Courier New',Courier; color: #008080;\"> L&rsquo;ARCHITECTURE ET GLAZZA<br \/>\n<\/span><\/strong><span style=\"font-family: 'Courier New',Courier; color: #008080;\">GLAZZA se r\u00e9jouit de pouvoir collaborer, dans le cadre de futurs projets, avec\u00a0(\u00e0 Gaza)\u00a0d\u2019architecture des University of Palestine et Iwan Centre\u00a0, ainsi qu\u2019avec\u00a0le concours de\u00a0l\u2019International Academy of Art\u00a0\u00e0\u00a0Ramallah. <\/span><\/p>\n<p style=\"text-align: left;\"><span style=\"font-family: 'Courier New',Courier; color: #008080;\">En\u00a0f\u00e9vrier et en juillet\u00a02016, Mich\u00e8le Vanvlasselaer\u00a0y\u00a0a\u00a0d\u00e9j\u00e0\u00a0donn\u00e9\u00a0plusieurs pr\u00e9sentations et conf\u00e9rences sur\u00a0\u00ab\u00a0le\u00a0verre, la lumi\u00e8re naturelle et l\u2019architecture\u00a0\u00bb.<\/span><\/p>\n<p style=\"text-align: left;\"><span style=\"font-family: 'Courier New',Courier; color: #008080;\"><br \/>\nEn juillet 2016 les architectes gazaouis Abdelkarim Gharbawi et Rashid Al Ruzzi ont invit\u00e9 Mich\u00e8le Vanvlasselaer \u00e0 donner une conf\u00e9rence \u00e0 Gaza sur l\u2019art du vitrail ainsi que sur ces projets future \u00e0 Gaza.<\/span><\/p>\n<hr \/>\n<p style=\"text-align: left;\"><strong><span style=\"font-family: 'Courier New',Courier; color: #008080;\"> EVENEMENT<\/span><\/strong><\/p>\n<p style=\"text-align: left;\"><span style=\"font-family: 'Courier New', Courier; color: #000000;\">De Gaza \u00e0\u00a0Bruxelles#2<\/span><\/p>\n<header class=\"uppercase fixed\">\n<h3>10 NOVEMBRE 2017 &#8211; 19:30<\/h3>\n<\/header>\n<p><img loading=\"lazy\" class=\"alignleft size-full wp-image-1364\" src=\"http:\/\/glazza.eu\/wp-content\/uploads\/2016\/04\/fotoAymanAlaa2017.jpg\" alt=\"\" width=\"5760\" height=\"3840\" srcset=\"https:\/\/glazza.eu\/wp-content\/uploads\/2016\/04\/fotoAymanAlaa2017.jpg 5760w, https:\/\/glazza.eu\/wp-content\/uploads\/2016\/04\/fotoAymanAlaa2017-300x200.jpg 300w, https:\/\/glazza.eu\/wp-content\/uploads\/2016\/04\/fotoAymanAlaa2017-1024x683.jpg 1024w\" sizes=\"(max-width: 5760px) 100vw, 5760px\" \/><\/p>\n<p class=\"public\">TOUT PUBLIC \u2013 GRATUIT<\/p>\n<p style=\"text-align: left;\"><span style=\"font-family: 'Courier New',Courier; color: #008080;\">Comment parler de la paix \u00e0 travers un \u201cbattle\u201d artistique\u00a0C&rsquo;est tout l&rsquo;enjeu du <strong>workshop<\/strong> qui se tiendra du <strong>lundi 30 septembre au vendredi 3 novembre<\/strong> de <strong>14:00<\/strong> \u00e0 <strong>17:00<\/strong> \u00e0 la <strong><a href=\"http:\/\/www.maisondelacreation.org\/evenements\/DE-GAZA-A-BRUXELLES-2\" target=\"_blank\" rel=\"noopener noreferrer\">Maison de la cr\u00e9ation<\/a> &#8211; Centre culturel Bruxelles Nord.<\/strong><\/span><\/p>\n<p style=\"text-align: left;\"><span style=\"font-family: 'Courier New',Courier; color: #008080;\">Se r\u00e9approprier les mots pour dire le monde et sa complexit\u00e9.<\/span><\/p>\n<p style=\"text-align: left;\"><span style=\"font-family: 'Courier New',Courier; color: #008080;\">Un vernissage d\u2019expo, une table ronde, la projection du film d\u2019animation r\u00e9alis\u00e9 par de jeunes \u00e9tudiants de Gaza viendront cl\u00f4turer ce projet le <strong>vendredi 10 novembre<\/strong>. Des artistes et des jeunes s\u2019engagent pour \u00e9voquer \u00e0 la fois le conflit isra\u00e9lo-palestinien tout en faisant \u00e9cho \u00e0 la comm\u00e9moration de l\u2019armistice du 11 novembre.\u00a0<\/span><\/p>\n<p style=\"text-align: left;\"><span style=\"font-family: 'Courier New',Courier; color: #008080;\"><strong>\/\/\/ PROJET \/\/\/<\/strong><\/span><\/p>\n<p style=\"text-align: left;\"><img loading=\"lazy\" class=\"alignleft size-full wp-image-1376\" src=\"http:\/\/glazza.eu\/wp-content\/uploads\/2016\/08\/UNRWA_G1_01_X1_0466.jpg\" alt=\"\" width=\"3125\" height=\"2083\" srcset=\"https:\/\/glazza.eu\/wp-content\/uploads\/2016\/08\/UNRWA_G1_01_X1_0466.jpg 3125w, https:\/\/glazza.eu\/wp-content\/uploads\/2016\/08\/UNRWA_G1_01_X1_0466-300x200.jpg 300w, https:\/\/glazza.eu\/wp-content\/uploads\/2016\/08\/UNRWA_G1_01_X1_0466-1024x683.jpg 1024w\" sizes=\"(max-width: 3125px) 100vw, 3125px\" \/><\/p>\n<p style=\"text-align: left;\"><span style=\"font-family: 'Courier New',Courier; color: #008080;\">Un film d&rsquo;animation a \u00e9t\u00e9 r\u00e9alis\u00e9 par des <strong>jeunes \u00e0 Gaza<\/strong> au cours du mois de juillet, et des jeunes de Bruxelles cr\u00e9eront une musique et textes accompagnant ce film d&rsquo;animation qui sera montr\u00e9 \u00e0 la <a href=\"http:\/\/www.maisondelacreation.org\/evenements\/DE-GAZA-A-BRUXELLES-2\" target=\"_blank\" rel=\"noopener noreferrer\"><strong>Maison de la cr\u00e9ation<\/strong><\/a> \u00e0 la fin d&rsquo;un atelier de cr\u00e9ation de rap et de musique d\u00e9but novembre.<\/span><\/p>\n<p style=\"text-align: left;\"><span style=\"font-family: 'Courier New',Courier; color: #008080;\">Les jeunes de Gaza sont des enfants de r\u00e9fugi\u00e9s palestiniens d&rsquo;\u00e9coles des <a href=\"https:\/\/www.unrwa.org\" target=\"_blank\" rel=\"noopener noreferrer\"><strong>Nations Unies<\/strong><\/a> (UNRWA) et des programmes de la <a href=\"http:\/\/www.qattanfoundation.org\/en\/cap\" target=\"_blank\" rel=\"noopener noreferrer\"><strong>A.M. Qattan Foundation<\/strong><\/a>. Le projet \u00e0 Gaza a \u00e9t\u00e9 propos\u00e9 et accompagn\u00e9 dans le cadre des Summer Fun Weeks de UNRWA par les artistes bruxellois <a href=\"http:\/\/www.graphoui.org\/2014\/\" target=\"_blank\" rel=\"noopener noreferrer\"><strong>Aline Moens<\/strong> (<strong>Graphoui<\/strong>)<\/a> et <a href=\"http:\/\/www.michelevanvlasselaer.com\" target=\"_blank\" rel=\"noopener noreferrer\"><strong>Mich\u00e8le Vanvlasselaer<\/strong><\/a> (<strong>Glazza<\/strong>).<\/span><\/p>\n<p style=\"text-align: left;\"><span style=\"font-family: 'Courier New',Courier; color: #008080;\">Gr\u00e2ce \u00e0 <a href=\"http:\/\/www.musicfund.eu\" target=\"_blank\" rel=\"noopener noreferrer\"><strong>Music Fund<\/strong><\/a>, le duo <strong>Bani Adam<\/strong> de Gaza (rappeur <strong>Ayman Mghamis<\/strong> et musicien <strong>Alaa Shublaq<\/strong>) viendront du <strong>30 octobre au 4 novembre<\/strong> \u00e0 Bruxelles donner un atelier \u00e0 la <strong>Maison de la cr\u00e9ation<\/strong> pour des jeunes rappeurs et musiciens (\u00e0 partir de 16 ans) pendant lequel ils travailleront sur la cr\u00e9ation de textes et musiques pouvant accompagner le film d&rsquo;animation fait par les jeunes de Gaza.<\/span><\/p>\n<p style=\"text-align: left;\"><span style=\"font-family: 'Courier New',Courier; color: #008080;\">Les premiers r\u00e9sultats de ce travail seront montr\u00e9s au cours d&rsquo;une soir\u00e9e \u00e0 la Maison de la cr\u00e9ation le vendredi 10 novembre. Pendant cette soir\u00e9e il y aura aussi l&rsquo;ouverture d&rsquo;une exposition sur le film d&rsquo;animation des jeunes de Gaza et une table ronde autour du rappeur Ayman Mghamis de Gaza sur la place de l&rsquo;art dans le d\u00e9veloppement de Gaza.<\/span><\/p>\n<p style=\"text-align: left;\"><span style=\"font-family: 'Courier New',Courier; color: #008080;\">Ce projet est la deuxi\u00e8me \u00e9dition d&rsquo;un programme d&rsquo;\u00e9change entre Gaza et Bruxelles, une initiative de Glazza et la Maison de la cr\u00e9ation, cette ann\u00e9e en partenariat aussi avec <strong>Music Fund, Atelier Graphoui, <a href=\"https:\/\/www.unrwa.org\/newsroom\/press-releases\/nearly-200000-gaza-children-take-part-unrwa-\u2018summer-fun-weeks\u2019\" target=\"_blank\" rel=\"noopener noreferrer\">Summer Fun Weeks<\/a><\/strong> (UNRWA) et la <strong>A.M. Qattan Foundation<\/strong>. Le projet est rendu possible gr\u00e2ce au soutien financier de la <strong>R\u00e9gion de Bruxelles-Capitale<\/strong> (la Minstre Fadila Laanan), la <strong>Commission Communautaire Fran\u00e7aise<\/strong> et la <strong>Ville de Bruxelles<\/strong> (Cellule Solidarit\u00e9 Internationale).<\/span><\/p>\n<p style=\"text-align: left;\"><span style=\"font-family: 'Courier New',Courier; color: #008080;\"><strong>\/\/\/ LE FILM D&rsquo;ANIMATION &gt; DESCRIPTION \/\/\/<\/strong><\/span><\/p>\n<p style=\"text-align: left;\"><span style=\"font-family: 'Courier New',Courier; color: #008080;\">Voici ce que les enfants et adolescents de Gaza qui ont r\u00e9alis\u00e9 le film d&rsquo;animation disent sur le Gaza dont ils ont r\u00eavent en dessinant le film d&rsquo;animation:<br \/>\n<em>\u00ab\u00a0Le village de Gaza \u00e9tait un jeune tigre pr\u00eat \u00e0 relever des d\u00e9fis, et il est devenu une grande ville.<br \/>\nMaintenant Gaza connait des nuits noires de destruction, et se reconstruit des beaux jours.<br \/>\nGaza est un vieux lion, qui regarde ses habitants avec une grande exp\u00e9rience et sagesse.<br \/>\nIl connait les difficult\u00e9s et souffrances qu&rsquo;ils traversent.<br \/>\nGaza est une lionne qui sourit et montre des dents pour prot\u00e9ger ses enfants.\u00a0\u00bb<\/em><\/span><\/p>\n<p style=\"text-align: left;\"><span style=\"font-family: 'Courier New',Courier; color: #008080;\"><strong>\/\/\/ WORKSHOP \/\/\/<\/strong><\/span><\/p>\n<p style=\"text-align: left;\"><span style=\"font-family: 'Courier New',Courier; color: #008080;\"><strong>Ayman Mghamis<\/strong> dirigera un \u2018workshop&rsquo; avec de jeunes rappeurs \u00e0 partir de 16 ans(groupe de maximum 10 \u00e0 12 personnes) et sera assist\u00e9 par <strong>Alaa Shublaq<\/strong> (Gaza), <strong>Jade Hoornaert<\/strong> (b\u00e9n\u00e9vole Glazza\/Music Fund) et un artiste-animateur rappeur belge.<\/span><\/p>\n<p style=\"text-align: left;\"><span style=\"font-family: 'Courier New',Courier; color: #008080;\"><strong>Le worshop se tiendra du lundi 30 septembre au vendredi 3 novembre de 14:00 \u00e0 17:00 \u00e0 la <a href=\"http:\/\/www.maisondelacreation.org\/evenements\/DE-GAZA-A-BRUXELLES-2\" target=\"_blank\" rel=\"noopener noreferrer\">Maison de la cr\u00e9ation<\/a> &#8211; Centre culturel Bruxelles Nord.<\/strong><\/span><\/p>\n<p style=\"text-align: left;\"><span style=\"font-family: 'Courier New',Courier; color: #008080;\"><strong>\/\/\/ SOIREE DU 10-11-17 D\u00e8S 20:00 \/\/\/<\/strong><br \/>\n<strong>Concert <\/strong><strong>+ Film + d\u00e9bat + vernissage<\/strong><\/span><\/p>\n<p style=\"text-align: left;\"><span style=\"font-family: 'Courier New',Courier; color: #008080;\"><strong>&gt; Concert<\/strong> : Duo <strong>Bani Adam<\/strong> (<strong>Ayman Mghamis<\/strong> &amp; <strong>Alaa Shublacq<\/strong>) et projection du film d&rsquo;animation r\u00e9alis\u00e9 \u00e0 Gaza<\/span><\/p>\n<p style=\"text-align: left;\"><span style=\"font-family: 'Courier New',Courier; color: #008080;\"><strong>&gt; Table ronde \u00ab\u00a0Un rappeur \u00e0 Gaza\u00a0\u00bb:<br \/>\n&#8211; Intervenants: Ayman Mghamis &amp; Lukas Pairon (fondateur Music Fund <\/strong>et <strong>Glazza)<br \/>\n&#8211; Mod\u00e9rateur : \u00e0 d\u00e9finir<\/strong><\/span><\/p>\n<p style=\"text-align: left;\"><span style=\"font-family: 'Courier New',Courier; color: #008080;\"><strong>&gt; Vernissage et rencontre<\/strong> entre public, artistes, intervenants, participants au workshop<br \/>\n&#8212;&#8211;<\/span><\/p>\n<p style=\"text-align: left;\"><span style=\"font-family: 'Courier New',Courier; color: #008080;\">Artistes:<br \/>\nAyman Mghames: https:\/\/www.facebook.com\/AbuJoury1<br \/>\nAlaa Shublaq: https:\/\/www.facebook.com\/alaa.shublaq.5<br \/>\nL&rsquo;ensemble Bani Adam : https:\/\/www.facebook.com\/BaniAdamBand<\/span><\/p>\n<p style=\"text-align: left;\"><span style=\"font-family: 'Courier New',Courier; color: #008080;\">Partenaires:<\/span><\/p>\n<p style=\"text-align: left;\"><span style=\"font-family: 'Courier New',Courier; color: #008080;\"><strong>UNRWA Summer Fun Weeks<\/strong>, Gaza (www.unrwa.org)<strong><br \/>\nMaison de la cr\u00e9ation<\/strong> (www.maisondelacreation.org)<strong><br \/>\nGlazza<\/strong> (www.glazza.eu)<strong><br \/>\nMusic Fund<\/strong> (www.musicfund.eu)<strong><br \/>\nAtelier Graphoui<\/strong> (www.graphoui.org)<strong><br \/>\nA.M. Qattan Foundation <\/strong>(www.qattanfoundation.org)<strong><br \/>\nCommission communautaire fran\u00e7aise de la R\u00e9gion de Bruxelles<\/strong> (COCOF)<br \/>\n<strong>Solidarit\u00e9 internationale<\/strong> &#8211; Ville de Bruxelles<\/span><\/p>\n<p style=\"text-align: left;\"><span style=\"text-decoration: underline;\"><span style=\"font-family: 'Courier New', Courier; color: #008080; text-decoration: underline;\"><span style=\"color: #000000; text-decoration: underline;\">De Gaza \u00e0\u00a0Bruxelles,\u00a0<strong>Contre Vents et Mar\u00e9es.<\/strong><\/span><br \/>\n<\/span><\/span><span style=\"font-family: 'Courier New',Courier; color: #008080;\"><br \/>\nMercredi 5 octobre 2016 GLAZZA pr\u00e9sentera ensemble avec la Maison de la cr\u00e9ation, la Ville de Bruxelles, BTC-CTB, et plusieurs autres partenaires culturels, une soir\u00e9e autour de l\u2019art de Gaza. Au cours de cette soir\u00e9e sera projet\u00e9 le film\u00a0\u201cMich\u00e8le Vanvlasselaer \u00e0 Gaza\u201d\u00a0du r\u00e9alisateur bruxellois Marc\u00a0Temmerman, et diff\u00e9rents partenaires culturels et artistes viendront parler de leur art et de leur projets et vie \u00e0 Gaza.<br \/>\n<\/span><\/p>\n<p><img loading=\"lazy\" class=\"size-full wp-image-1243\" src=\"http:\/\/glazza.eu\/wp-content\/uploads\/2016\/04\/noname.jpg\" alt=\"Programme 5 October\" width=\"1748\" height=\"5669\" srcset=\"https:\/\/glazza.eu\/wp-content\/uploads\/2016\/04\/noname.jpg 1748w, https:\/\/glazza.eu\/wp-content\/uploads\/2016\/04\/noname-316x1024.jpg 316w\" sizes=\"(max-width: 1748px) 100vw, 1748px\" \/><\/p>\n<hr \/>\n<hr \/>\n<p style=\"text-align: left;\"><span style=\"color: #000000;\"><em><span style=\"font-family: 'Courier New',Courier;\">La photo du bain turc a \u00e9t\u00e9 prise \u00e0 Gaza. Le hammam Al-Sammara date de la p\u00e9riode des Mamelouks et a \u00e9t\u00e9 r\u00e9nov\u00e9 vers 1320.<br \/>\n<\/span><\/em><\/span><\/p>\n<p><\/p>","protected":false},"excerpt":{"rendered":"<p>D\u00e9sol\u00e9, cet article est seulement disponible en Anglais Am\u00e9ricain.<\/p>\n","protected":false},"author":1,"featured_media":0,"parent":0,"menu_order":5,"comment_status":"closed","ping_status":"closed","template":"","meta":[],"_links":{"self":[{"href":"https:\/\/glazza.eu\/fr\/wp-json\/wp\/v2\/pages\/520"}],"collection":[{"href":"https:\/\/glazza.eu\/fr\/wp-json\/wp\/v2\/pages"}],"about":[{"href":"https:\/\/glazza.eu\/fr\/wp-json\/wp\/v2\/types\/page"}],"author":[{"embeddable":true,"href":"https:\/\/glazza.eu\/fr\/wp-json\/wp\/v2\/users\/1"}],"replies":[{"embeddable":true,"href":"https:\/\/glazza.eu\/fr\/wp-json\/wp\/v2\/comments?post=520"}],"version-history":[{"count":176,"href":"https:\/\/glazza.eu\/fr\/wp-json\/wp\/v2\/pages\/520\/revisions"}],"predecessor-version":[{"id":1678,"href":"https:\/\/glazza.eu\/fr\/wp-json\/wp\/v2\/pages\/520\/revisions\/1678"}],"wp:attachment":[{"href":"https:\/\/glazza.eu\/fr\/wp-json\/wp\/v2\/media?parent=520"}],"curies":[{"name":"wp","href":"https:\/\/api.w.org\/{rel}","templated":true}]}}