{"id":551,"date":"2016-04-08T17:43:55","date_gmt":"2016-04-08T16:43:55","guid":{"rendered":"http:\/\/glazza.eu\/?page_id=551"},"modified":"2016-09-01T14:43:56","modified_gmt":"2016-09-01T13:43:56","slug":"life-and-art","status":"publish","type":"page","link":"https:\/\/glazza.eu\/fr\/life-and-art\/","title":{"rendered":"Vie et art"},"content":{"rendered":"<p><\/p>\n<p style=\"text-align: left;\"><span style=\"font-family: 'Courier New', Courier;\"> La vie, l&rsquo;art et la pertinence de l&rsquo;art \u00e0 Gaza.\u00a0<\/span><\/p>\n<p><img loading=\"lazy\" class=\"wp-image-28\" src=\"http:\/\/glazza.eu\/wp-content\/uploads\/2016\/04\/IMG_0345-300x225.jpg\" alt=\"\" width=\"895\" height=\"671\" srcset=\"https:\/\/glazza.eu\/wp-content\/uploads\/2016\/04\/IMG_0345-300x225.jpg 300w, https:\/\/glazza.eu\/wp-content\/uploads\/2016\/04\/IMG_0345-768x576.jpg 768w, https:\/\/glazza.eu\/wp-content\/uploads\/2016\/04\/IMG_0345-1024x768.jpg 1024w\" sizes=\"(max-width: 895px) 100vw, 895px\" \/><\/p>\n<p style=\"text-align: left;\"><span style=\"color: #008080;\"><em><span style=\"font-family: 'Courier New',Courier;\">Dar Al Basha est une maison vieille de 800\u00a0ans qui t\u00e9moigne de l&rsquo;important patrimoine culturel du centre de la vieille ville de Gaza.<\/span><\/em><\/span><\/p>\n<hr \/>\n<p style=\"text-align: left;\"><span style=\"font-family: 'Courier New',Courier;\"> Comment se fait-il que, dans une r\u00e9gion telle que Gaza, et en tant d&rsquo;autres endroits du monde o\u00f9 la violence, la guerre ou la pauvret\u00e9 compliquent la vie, les gens sont si avides d&rsquo;art\u00a0? <\/span><\/p>\n<p style=\"text-align: left;\"><span style=\"font-family: 'Courier New',Courier;\">\u00ab\u00a0L&rsquo;ART LAVE NOTRE \u00c2ME DE LA POUSSI\u00c8RE DU QUOTIDIEN\u00a0\u00bb Pablo Picasso<br \/>\n<\/span><\/p>\n<p style=\"padding-left: 30px; text-align: left;\"><span style=\"font-family: 'Courier New',Courier;\"><span style=\"text-decoration: underline; color: #008080;\">Prenons l&rsquo;exemple de l&rsquo;\u00e9cole de musique \u00e0 Gaza, fond\u00e9e en 2008, quelques mois avant l&rsquo;\u00e9clatement de la guerre en d\u00e9cembre\u00a02008. Le b\u00e2timent qui abritait l&rsquo;\u00e9cole a \u00e9t\u00e9 touch\u00e9. \u00c0 peine deux mois apr\u00e8s la guerre, l&rsquo;\u00e9cole de musique rouvrait ses portes. Qu&rsquo;y avait-il de si urgent et important \u00e0 donner des cours de musique qui a incit\u00e9 les habitants de Gaza \u00e0 rassembler le plus vite possible les moyens et les instruments\u00a0? Et il en va de m\u00eame pour tous les artistes visuels qui vivent \u00e0 Gaza. Qu&rsquo;est-ce qui inspire ces artistes \u00e0 vouloir faire de l&rsquo;art dans des circonstances si difficiles\u00a0?<\/span><br \/>\n<\/span><\/p>\n<p style=\"text-align: left;\"><span style=\"font-family: 'Courier New',Courier;\"><span style=\"text-decoration: underline;\"> La r\u00e9ponse est simple\u00a0:<\/span><\/span><\/p>\n<p style=\"text-align: left;\"><span style=\"font-family: 'Courier New', Courier;\">cela leur donne le sentiment d&rsquo;\u00eatre humains. Avoir la s\u00e9curit\u00e9, un logement et de la nourriture est sain. Ce sont autant d&rsquo;\u00e9l\u00e9ments importants pour la survie d&rsquo;un \u00eatre vivant. Mais l&rsquo;art est quelque chose qui procure \u00e0 l&rsquo;homme la sensation d&rsquo;\u00eatre un \u00eatre humain, et pas juste un \u00eatre qui vit et survit. Un tel d\u00e9sir est peut-\u00eatre plus fort en des endroits tels que Gaza. Il s&rsquo;agit d&rsquo;une sorte de r\u00e9bellion contre une vie qui n&rsquo;est jamais abord\u00e9e qu&rsquo;en termes de survie, une forme de r\u00e9bellion \u00e0 laquelle nous, GLAZZA, nous nous associons volontiers. Avec GLAZZA, nous voulons contribuer \u00e0 la paix et au d\u00e9veloppement \u00e0 Gaza, par le biais de la stimulation d&rsquo;activit\u00e9s dans le domaine de l&rsquo;art du verre.<\/span><\/p>\n<p>&nbsp;<\/p>","protected":false},"excerpt":{"rendered":"<p>La vie, l&rsquo;art et la pertinence de l&rsquo;art \u00e0 Gaza.\u00a0 Dar Al Basha est une maison vieille de 800\u00a0ans qui t\u00e9moigne de l&rsquo;important patrimoine culturel du centre de la vieille ville de Gaza. Comment se fait-il que, dans une r\u00e9gion [&hellip;]<\/p>\n","protected":false},"author":1,"featured_media":0,"parent":0,"menu_order":2,"comment_status":"closed","ping_status":"closed","template":"","meta":[],"_links":{"self":[{"href":"https:\/\/glazza.eu\/fr\/wp-json\/wp\/v2\/pages\/551"}],"collection":[{"href":"https:\/\/glazza.eu\/fr\/wp-json\/wp\/v2\/pages"}],"about":[{"href":"https:\/\/glazza.eu\/fr\/wp-json\/wp\/v2\/types\/page"}],"author":[{"embeddable":true,"href":"https:\/\/glazza.eu\/fr\/wp-json\/wp\/v2\/users\/1"}],"replies":[{"embeddable":true,"href":"https:\/\/glazza.eu\/fr\/wp-json\/wp\/v2\/comments?post=551"}],"version-history":[{"count":13,"href":"https:\/\/glazza.eu\/fr\/wp-json\/wp\/v2\/pages\/551\/revisions"}],"predecessor-version":[{"id":1197,"href":"https:\/\/glazza.eu\/fr\/wp-json\/wp\/v2\/pages\/551\/revisions\/1197"}],"wp:attachment":[{"href":"https:\/\/glazza.eu\/fr\/wp-json\/wp\/v2\/media?parent=551"}],"curies":[{"name":"wp","href":"https:\/\/api.w.org\/{rel}","templated":true}]}}