{"id":565,"date":"2016-04-08T18:05:15","date_gmt":"2016-04-08T17:05:15","guid":{"rendered":"http:\/\/glazza.eu\/?page_id=565"},"modified":"2016-09-01T14:41:56","modified_gmt":"2016-09-01T13:41:56","slug":"about","status":"publish","type":"page","link":"https:\/\/glazza.eu\/fr\/about\/","title":{"rendered":"\u00c0 propos"},"content":{"rendered":"<p><img loading=\"lazy\" class=\"alignleft wp-image-900 size-full\" src=\"http:\/\/glazza.eu\/wp-content\/uploads\/2016\/04\/PresentartieGazaBewerk-1.jpg\" alt=\"\" width=\"1885\" height=\"614\" srcset=\"https:\/\/glazza.eu\/wp-content\/uploads\/2016\/04\/PresentartieGazaBewerk-1.jpg 1885w, https:\/\/glazza.eu\/wp-content\/uploads\/2016\/04\/PresentartieGazaBewerk-1-300x98.jpg 300w, https:\/\/glazza.eu\/wp-content\/uploads\/2016\/04\/PresentartieGazaBewerk-1-1024x334.jpg 1024w\" sizes=\"(max-width: 1885px) 100vw, 1885px\" \/><\/p>\n<p style=\"text-align: left;\"><span style=\"font-family: 'Courier New', Courier;\"> En mars 2016, l&rsquo;artiste belge\u00a0<a href=\"http:\/\/www.michelevanvlasselaer.com\">Mich\u00e8le Vanvlasselaer<\/a> a visit\u00e9 Gaza pour la premi\u00e8re fois et a eu l&rsquo;occasion de parler de son travail au d\u00e9partement d\u2019architecture de l&rsquo;Universit\u00e9 de Palestine.<\/span><\/p>\n<p style=\"text-align: left;\"><span style=\"font-family: 'Courier New',Courier;\"><span style=\"color: #008080;\"> Ces 20\u00a0derni\u00e8res ann\u00e9es, Mich\u00e8le a voyag\u00e9 \u00e0 de tr\u00e8s nombreuses reprises au Moyen-Orient, notamment en Palestine et en Isra\u00ebl. Elle a aussi habit\u00e9 deux ans au Caire, en \u00c9gypte, et savait donc plus ou moins \u00e0 quoi s&rsquo;attendre avec ce voyage.<\/span><\/span><\/p>\n<p style=\"text-align: left;\"><span style=\"font-family: 'Courier New',Courier; color: #000000;\">Mais ce<\/span> <span style=\"font-family: 'Courier New', Courier;\">premier\u00a0voyage\u00a0<\/span><span style=\"font-family: 'Courier New', Courier;\">\u00e0 Gaza<\/span><span style=\"font-family: 'Courier New',Courier; color: #000000;\"> fut l&rsquo;occasion d&rsquo;une r\u00e9v\u00e9lation totalement inattendue et elle est rentr\u00e9e en Europe la t\u00eate d\u00e9bordante d&rsquo;id\u00e9es\u00a0! Mich\u00e8le a alors d\u00e9cid\u00e9, avec un groupe d&rsquo;amis, de fonder l&rsquo;asbl GLAZZA, une association qui vise \u00e0 soutenir des projets artistiques et \u00e9ducatifs dans les arts visuels en Belgique, m<\/span><span style=\"font-family: 'Courier New', Courier;\">ais aussi dans\u00a0<\/span><span style=\"font-family: 'Courier New', Courier;\">des\u00a0r\u00e9gions\u00a0o\u00f9 la r\u00e9alisation de tels projets est\u00a0plus compliqu\u00e9e,\u00a0telle\u00a0que Gaza.<\/span><\/p>\n<p>&nbsp;<\/p>\n<p style=\"text-align: left;\"><span style=\"color: #008080;\"><em><span style=\"font-family: 'Courier New',Courier;\"><br \/>\n<\/span><\/em><\/span><\/p>\n<p><\/p>","protected":false},"excerpt":{"rendered":"<p>En mars 2016, l&rsquo;artiste belge\u00a0Mich\u00e8le Vanvlasselaer a visit\u00e9 Gaza pour la premi\u00e8re fois et a eu l&rsquo;occasion de parler de son travail au d\u00e9partement d\u2019architecture de l&rsquo;Universit\u00e9 de Palestine. Ces 20\u00a0derni\u00e8res ann\u00e9es, Mich\u00e8le a voyag\u00e9 \u00e0 de tr\u00e8s nombreuses reprises [&hellip;]<\/p>\n","protected":false},"author":1,"featured_media":0,"parent":0,"menu_order":1,"comment_status":"closed","ping_status":"closed","template":"","meta":[],"_links":{"self":[{"href":"https:\/\/glazza.eu\/fr\/wp-json\/wp\/v2\/pages\/565"}],"collection":[{"href":"https:\/\/glazza.eu\/fr\/wp-json\/wp\/v2\/pages"}],"about":[{"href":"https:\/\/glazza.eu\/fr\/wp-json\/wp\/v2\/types\/page"}],"author":[{"embeddable":true,"href":"https:\/\/glazza.eu\/fr\/wp-json\/wp\/v2\/users\/1"}],"replies":[{"embeddable":true,"href":"https:\/\/glazza.eu\/fr\/wp-json\/wp\/v2\/comments?post=565"}],"version-history":[{"count":34,"href":"https:\/\/glazza.eu\/fr\/wp-json\/wp\/v2\/pages\/565\/revisions"}],"predecessor-version":[{"id":1196,"href":"https:\/\/glazza.eu\/fr\/wp-json\/wp\/v2\/pages\/565\/revisions\/1196"}],"wp:attachment":[{"href":"https:\/\/glazza.eu\/fr\/wp-json\/wp\/v2\/media?parent=565"}],"curies":[{"name":"wp","href":"https:\/\/api.w.org\/{rel}","templated":true}]}}