{"id":824,"date":"2016-04-09T22:51:43","date_gmt":"2016-04-09T21:51:43","guid":{"rendered":"http:\/\/glazza.eu\/?page_id=824"},"modified":"2024-03-15T13:51:09","modified_gmt":"2024-03-15T12:51:09","slug":"who-are-we-wijziging","status":"publish","type":"page","link":"https:\/\/glazza.eu\/fr\/who-are-we-wijziging\/","title":{"rendered":"Qui nous sommes"},"content":{"rendered":"<p><\/p>\n<p style=\"text-align: left;\"><span style=\"font-family: 'Courier New',Courier; color: #000000;\"> GLAZZA est n\u00e9e de l&rsquo;association d&rsquo;un groupe d&rsquo;amis dot\u00e9s chacun d&rsquo;un bagage diff\u00e9rent, ce qui a rassembl\u00e9 une expertise bien vari\u00e9.\u00a0<span style=\"color: #008080;\">FAITES CONNAISSANCE AVEC NOUS\u00a0!<\/span><\/span><\/p>\n<hr \/>\n<p><img loading=\"lazy\" class=\"alignleft wp-image-597 \" src=\"http:\/\/glazza.eu\/wp-content\/uploads\/2016\/04\/IMG_2688-300x300.jpg\" alt=\"IMG_2688\" width=\"277\" height=\"277\" srcset=\"https:\/\/glazza.eu\/wp-content\/uploads\/2016\/04\/IMG_2688-300x300.jpg 300w, https:\/\/glazza.eu\/wp-content\/uploads\/2016\/04\/IMG_2688-150x150.jpg 150w, https:\/\/glazza.eu\/wp-content\/uploads\/2016\/04\/IMG_2688.jpg 960w\" sizes=\"(max-width: 277px) 100vw, 277px\" \/><\/p>\n<p><span style=\"font-family: 'Courier New',Courier;\"><span style=\"text-decoration: underline; color: #008080;\"><a style=\"color: #008080; text-decoration: underline;\" href=\"http:\/\/www.michelevanvlasselaer.be\" target=\"_blank\" rel=\"noopener noreferrer\">Mich\u00e8le VANVLASSELAER<\/a><\/span> <span style=\"color: #000000;\">directrice cr\u00e9ative et co-fondatrice de GLAZZA. Mich\u00e8le est artiste et la lumi\u00e8re naturelle, le verre et l&rsquo;architecture exercent une fascination sur elle. Ces douze derniers ans, elle a habit\u00e9 et travaill\u00e9 au Moyen-Orient, en Afrique et en Asie du Sud-Est, o\u00f9 elle a pu se cr\u00e9er un vaste \u00e9ventail d&rsquo;inspiration multiculturelle. La fragilit\u00e9 du verre, combin\u00e9e \u00e0 la force de nouvelles id\u00e9es, cultures et techniques se traduisent dans un travail tout \u00e0 fait personnel.\u00a0Invit\u00e9e par l&rsquo; <a href=\"http:\/\/qattanfoundation.org\/en\" target=\"_blank\" rel=\"noopener\">A.M. Qattan Foundation<\/a>, Mich\u00e8le a \u00e9t\u00e9 artiste en r\u00e9sidence pendant 6 mois\u00a0\u00e0 Gaza o\u00f9 elle a notamment organis\u00e9 avec Nesma Naseem les <a href=\"https:\/\/www.facebook.com\/GazanArtSessions\/\" target=\"_blank\" rel=\"noopener\">Gazan Art Sessions<\/a>. Mich\u00e8le enseigne \u00e0 <a href=\"https:\/\/www.stedelijkonderwijs.be\/academiemerksem\/opleiding\/glas-lood-atelier-18-jaar\" target=\"_blank\" rel=\"noopener\">l&rsquo;academie de Merksem (Anvers)<\/a>.\u00a0<\/span><\/span><\/p>\n<p><span style=\"font-family: 'Courier New',Courier;\"><span style=\"text-decoration: underline; color: #008080;\"><a style=\"color: #008080; text-decoration: underline;\" href=\"https:\/\/www.studiofrederique.com\" target=\"_blank\" rel=\"noopener noreferrer\">Fr\u00e9derique VANVLASSELAER<\/a><\/span> fait partie du \u00ab\u00a0cerveau cr\u00e9atif\u00a0\u00bb de GLAZZA. En tant que c\u00e9ramiste, elle appr\u00e9cie la puret\u00e9 et l&rsquo;honn\u00eatet\u00e9 d&rsquo;un mat\u00e9riau tel que l&rsquo;argile. L&rsquo;argile devient de la c\u00e9ramique qui redevient de l&rsquo;argile, dans un cycle sans fin de naissance et de renaissance, qui ne lui donne jamais le tournis, ce qui peut certainement \u00eatre utile dans cette aventure.<br \/><\/span><\/p>\n<hr \/>\n<p><span style=\"font-family: 'Courier New',Courier; color: #000000;\"><span style=\"text-decoration: underline;\"><span style=\"color: #008080; text-decoration: underline;\"><img loading=\"lazy\" class=\"wp-image-726 alignright\" src=\"http:\/\/glazza.eu\/wp-content\/uploads\/2016\/04\/IMG_0460-240x300.jpg\" alt=\"IMG_0460\" width=\"181\" height=\"226\" srcset=\"https:\/\/glazza.eu\/wp-content\/uploads\/2016\/04\/IMG_0460-240x300.jpg 240w, https:\/\/glazza.eu\/wp-content\/uploads\/2016\/04\/IMG_0460.jpg 720w\" sizes=\"(max-width: 181px) 100vw, 181px\" \/><\/span><\/span><\/span><\/p>\n<p><span style=\"font-family: 'Courier New',Courier; color: #000000;\"><span style=\"text-decoration: underline; color: #008080;\">Nesma NASEEM AL-SALLAQ<\/span>\u00a0est une jeune ing\u00e9nieure architecte qui habite \u00e0 Gaza et<span style=\"font-family: 'Courier New',Courier;\"><span style=\"color: #000000;\">\u00a0co-fondatrice de GLAZZA.\u00a0<\/span><\/span>Elle consid\u00e8re sa participation active aux projets de GLAZZA comme une mani\u00e8re de faire la diff\u00e9rence avec la vie de tous les jours. Cette jeune femme repr\u00e9sente dans GLAZZA les nombreuses personnes que nous connaissons si bien \u00e0 Gaza et qui restent cr\u00e9atives et inventives et refusent de se laisser limiter par les circonstances dans lesquelles elles sont oblig\u00e9es de vivre.<br \/><\/span><\/p>\n<hr \/>\n<p style=\"text-align: left;\"><span style=\"font-family: 'Courier New',Courier;\"><span style=\"text-decoration: underline;\"><span style=\"color: #008080; text-decoration: underline;\"><img loading=\"lazy\" class=\"alignleft wp-image-811 size-medium\" src=\"http:\/\/glazza.eu\/wp-content\/uploads\/2016\/04\/fotoN-300x274.jpg\" alt=\"fotoN\" width=\"300\" height=\"274\" srcset=\"https:\/\/glazza.eu\/wp-content\/uploads\/2016\/04\/fotoN-300x274.jpg 300w, https:\/\/glazza.eu\/wp-content\/uploads\/2016\/04\/fotoN.jpg 877w\" sizes=\"(max-width: 300px) 100vw, 300px\" \/><\/span><\/span><\/span><\/p>\n<p style=\"text-align: left;\"><span style=\"font-family: 'Courier New',Courier;\"><span style=\"text-decoration: underline; color: #008080;\">Najat KOUDIA<\/span><span style=\"color: #000000;\">\u00a0travaille pour la ville de Bruxelles o\u00f9 elle est responsable de la participation citoyenne dans les dossiers publics. Elle est une femme tr\u00e8s engag\u00e9e et enthousiaste avec une passion pour le th\u00e9\u00e2tre et la musique.\u00a0<\/span><\/span><\/p>\n<p style=\"text-align: left;\"><span style=\"color: #ffffff;\">-x<\/span><\/p>\n<p style=\"text-align: left;\"><span style=\"color: #ffffff;\">x<\/span><\/p>\n<p style=\"text-align: left;\"><span style=\"color: #ffffff;\">x<\/span><\/p>\n<hr \/>\n<p><span style=\"font-family: 'Courier New',Courier;\"><span style=\"text-decoration: underline;\"><span style=\"color: #008080; text-decoration: underline;\"><img loading=\"lazy\" class=\"alignright wp-image-736 size-medium\" src=\"http:\/\/glazza.eu\/wp-content\/uploads\/2016\/04\/Sim-300x250.jpg\" alt=\"Sim\" width=\"300\" height=\"250\" srcset=\"https:\/\/glazza.eu\/wp-content\/uploads\/2016\/04\/Sim-300x250.jpg 300w, https:\/\/glazza.eu\/wp-content\/uploads\/2016\/04\/Sim.jpg 500w\" sizes=\"(max-width: 300px) 100vw, 300px\" \/><\/span><\/span><\/span><\/p>\n<p><span style=\"font-family: 'Courier New',Courier;\"><span style=\"text-decoration: underline;\"><span style=\"color: #008080; text-decoration: underline;\">Simone SUSSKIND<\/span><\/span> est une v\u00e9ritable b\u00e2tisseuse de ponts qui poursuit deux objectifs dans lesquels elle investit toute son \u00e9nergie\u00a0: la paix au Moyen-Orient et les droits des femmes. Elle est fondatrice d&rsquo;<a href=\"http:\/\/simonesusskind.be\/2014\/et-maintenant-je-suis-full-time-pour-actions-en-mediterranee\/\" target=\"_blank\" rel=\"noopener\">Actions en M\u00e9diterran\u00e9e<\/a>, co-fondatrice et vice-pr\u00e9sidente de Music Fund, et elle est \u00e0 pr\u00e9sent membre du Parlement bruxellois. Simone est une v\u00e9ritable source d&rsquo;inspiration pour les autres membres de l&rsquo;association, en raison de sa lutte pour \u00ab\u00a0vivre ensemble\u00a0\u00bb, mais aussi du talent musical dont elle fait preuve lorsqu&rsquo;elle jour du piano et de l&rsquo;accord\u00e9on\u00a0!<\/span><\/p>\n<p><span style=\"color: #ffffff;\">&#8211;<\/span><\/p>\n<hr \/>\n<p style=\"text-align: left;\"><img loading=\"lazy\" class=\"alignleft wp-image-856 size-medium\" src=\"http:\/\/glazza.eu\/wp-content\/uploads\/2016\/04\/Maria3-1-300x281.jpg\" alt=\"Maria3\" width=\"300\" height=\"281\" srcset=\"https:\/\/glazza.eu\/wp-content\/uploads\/2016\/04\/Maria3-1-300x281.jpg 300w, https:\/\/glazza.eu\/wp-content\/uploads\/2016\/04\/Maria3-1.jpg 500w\" sizes=\"(max-width: 300px) 100vw, 300px\" \/><\/p>\n<p style=\"text-align: left;\"><span style=\"color: #ffffff;\">&#8211;<\/span><span style=\"font-family: 'Courier New',Courier;\"><span style=\"text-decoration: underline; color: #008080;\">Mar\u00eda GONZALEZ MATA<\/span> est la membre hispano-bruxelloise de GLAZZA. Maria n&rsquo;est ni une artiste ni une musicienne, mais bien une g\u00e9n\u00e9raliste sur le plan de la coop\u00e9ration au d\u00e9veloppement. Elle nourrit une passion pour l&rsquo;art, la nature et la justice sociale. Au cours des douze derni\u00e8res ann\u00e9es, elle a voyag\u00e9 tant pour son travail que pour son plaisir \u00e0 travers le Moyen-Orient et Afrique. Elle habite et travaille actuellement en Am\u00e9rique Latine.<\/span><\/p>\n<p style=\"text-align: left;\"><span style=\"color: #ffffff;\">&#8211;<\/span><\/p>\n<hr \/>\n<p style=\"text-align: left;\"><span style=\"font-family: 'Courier New',Courier;\"><span style=\"text-decoration: underline;\"><span style=\"color: #008080; text-decoration: underline;\"><img loading=\"lazy\" class=\"alignright wp-image-740 \" src=\"http:\/\/glazza.eu\/wp-content\/uploads\/2016\/04\/IMG_0467-240x300.jpg\" alt=\"IMG_0467\" width=\"204\" height=\"255\" srcset=\"https:\/\/glazza.eu\/wp-content\/uploads\/2016\/04\/IMG_0467-240x300.jpg 240w, https:\/\/glazza.eu\/wp-content\/uploads\/2016\/04\/IMG_0467.jpg 500w\" sizes=\"(max-width: 204px) 100vw, 204px\" \/><\/span><\/span><\/span><\/p>\n<p style=\"text-align: left;\"><span style=\"color: #ffffff;\">&#8211;<\/span><\/p>\n<p style=\"text-align: left;\"><span style=\"font-family: 'Courier New',Courier;\"><span style=\"text-decoration: underline;\"><span style=\"color: #008080; text-decoration: underline;\">Charlotte De BRUYNE<\/span><\/span> nous assiste en raison de sa connaissance de la Palestine. Elle habitait de nombreuses<\/span><span style=\"font-family: 'Courier New',Courier;\">\u00a0ann\u00e9es en Isra\u00ebl et dans les Territoires palestiniens, et travaillait<\/span><span style=\"font-family: 'Courier New',Courier;\">\u00a0pour une mission diplomatique \u00e0 J\u00e9rusalem. Charlotte se sp\u00e9cialise dans le probl\u00e8me complexe de la gestion commune de l&rsquo;eau en tant qu&rsquo;\u00e9l\u00e9ment essentiel pour favoriser la coop\u00e9ration internationale entre \u00c9tats. Elle habite actuellement en Turquie d&rsquo;o\u00f9 elle travaille pour les Nations Unies.<\/span><\/p>\n<p style=\"text-align: left;\"><span style=\"color: #ffffff;\">&#8211;<\/span><\/p>\n<hr \/>\n<p style=\"text-align: left;\"><span style=\"font-family: 'Courier New',Courier;\"><span style=\"color: #008080;\"><span style=\"text-decoration: underline;\"><img loading=\"lazy\" class=\"alignleft wp-image-624 \" src=\"http:\/\/glazza.eu\/wp-content\/uploads\/2016\/04\/LukasPairon-300x225.jpg\" alt=\"LukasPairon\" width=\"355\" height=\"266\" srcset=\"https:\/\/glazza.eu\/wp-content\/uploads\/2016\/04\/LukasPairon-300x225.jpg 300w, https:\/\/glazza.eu\/wp-content\/uploads\/2016\/04\/LukasPairon-1024x768.jpg 1024w, https:\/\/glazza.eu\/wp-content\/uploads\/2016\/04\/LukasPairon.jpg 1333w\" sizes=\"(max-width: 355px) 100vw, 355px\" \/><\/span><\/span><\/span><\/p>\n<p style=\"text-align: left;\"><span style=\"font-family: 'Courier New',Courier;\"><span style=\"color: #008080;\"><a href=\"http:\/\/lukas-pairon.eu\" target=\"_blank\" rel=\"noopener\"><span style=\"text-decoration: underline;\">Dr. Lukas\u00a0PAIRON<\/span><\/a><span style=\"color: #000000;\"> aime la musique et est co-fondateur de GLAZZA. Il se sent chez lui dans la communaut\u00e9 artistique de Gaza, Kinshasa et Bruxelles. Lukas a \u00e9t\u00e9 le directeur de l&rsquo;ensemble musical <a href=\"https:\/\/www.ictus.be\" target=\"_blank\" rel=\"noopener\">Ictus<\/a> pendant vingts ans. Lukas est le directeur-fondateur de <a href=\"http:\/\/www.simm-platform.eu\" target=\"_blank\" rel=\"noopener\">SIMM-platform<\/a> et aussi fondateur de <a href=\"http:\/\/musicfund.eu\" target=\"_blank\" rel=\"noopener\">Music Fund<\/a> qui collabore avec des \u00e9coles de musique dans des zones en conflit et des pays en d\u00e9veloppement, en proposant des instruments de musique et des formations de techniciens-r\u00e9parateurs. Lukas est le pr\u00e9sident de GLAZZA et est actuellement le seul homme dans l&rsquo;organisation\u00a0!<br \/><\/span><\/span><\/span><\/p>\n<p><\/p>\n\n\n<p><\/p>","protected":false},"excerpt":{"rendered":"<p>GLAZZA est n\u00e9e de l&rsquo;association d&rsquo;un groupe d&rsquo;amis dot\u00e9s chacun d&rsquo;un bagage diff\u00e9rent, ce qui a rassembl\u00e9 une expertise bien vari\u00e9.\u00a0FAITES CONNAISSANCE AVEC NOUS\u00a0! Mich\u00e8le VANVLASSELAER directrice cr\u00e9ative et co-fondatrice de GLAZZA. Mich\u00e8le est artiste et la lumi\u00e8re naturelle, le [&hellip;]<\/p>\n","protected":false},"author":1,"featured_media":0,"parent":0,"menu_order":6,"comment_status":"closed","ping_status":"closed","template":"","meta":[],"_links":{"self":[{"href":"https:\/\/glazza.eu\/fr\/wp-json\/wp\/v2\/pages\/824"}],"collection":[{"href":"https:\/\/glazza.eu\/fr\/wp-json\/wp\/v2\/pages"}],"about":[{"href":"https:\/\/glazza.eu\/fr\/wp-json\/wp\/v2\/types\/page"}],"author":[{"embeddable":true,"href":"https:\/\/glazza.eu\/fr\/wp-json\/wp\/v2\/users\/1"}],"replies":[{"embeddable":true,"href":"https:\/\/glazza.eu\/fr\/wp-json\/wp\/v2\/comments?post=824"}],"version-history":[{"count":158,"href":"https:\/\/glazza.eu\/fr\/wp-json\/wp\/v2\/pages\/824\/revisions"}],"predecessor-version":[{"id":1687,"href":"https:\/\/glazza.eu\/fr\/wp-json\/wp\/v2\/pages\/824\/revisions\/1687"}],"wp:attachment":[{"href":"https:\/\/glazza.eu\/fr\/wp-json\/wp\/v2\/media?parent=824"}],"curies":[{"name":"wp","href":"https:\/\/api.w.org\/{rel}","templated":true}]}}