{"id":1133,"date":"2016-08-31T21:18:52","date_gmt":"2016-08-31T20:18:52","guid":{"rendered":"http:\/\/glazza.eu\/?page_id=1133"},"modified":"2017-09-23T10:40:15","modified_gmt":"2017-09-23T09:40:15","slug":"agenda","status":"publish","type":"page","link":"https:\/\/glazza.eu\/nl\/agenda\/","title":{"rendered":"AGENDA"},"content":{"rendered":"<p><\/p>\n<p style=\"text-align: left;\"><span style=\"font-family: 'Courier New', Courier; color: #000000;\">Van Gaza naar Brussel #2<\/span><\/p>\n<header class=\"uppercase fixed\">\n<h3>10 NOVEMBER 2017 &#8211; 19:30<\/h3>\n<\/header>\n<p><img loading=\"lazy\" class=\"alignleft size-full wp-image-1364\" src=\"http:\/\/glazza.eu\/wp-content\/uploads\/2016\/04\/fotoAymanAlaa2017.jpg\" alt=\"\" width=\"5760\" height=\"3840\" srcset=\"https:\/\/glazza.eu\/wp-content\/uploads\/2016\/04\/fotoAymanAlaa2017.jpg 5760w, https:\/\/glazza.eu\/wp-content\/uploads\/2016\/04\/fotoAymanAlaa2017-300x200.jpg 300w, https:\/\/glazza.eu\/wp-content\/uploads\/2016\/04\/fotoAymanAlaa2017-1024x683.jpg 1024w\" sizes=\"(max-width: 5760px) 100vw, 5760px\" \/><\/p>\n<p class=\"public\">TOUT PUBLIC \u2013 GRATUIT<\/p>\n<p style=\"text-align: left;\"><span style=\"font-family: 'Courier New',Courier; color: #008080;\">Comment parler de la paix \u00e0 travers un \u201cbattle\u201d artistique\u00a0C&#8217;est tout l&#8217;enjeu du <strong>workshop<\/strong> qui se tiendra du <strong>lundi 30 septembre au vendredi 3 novembre<\/strong> de <strong>14:00<\/strong> \u00e0 <strong>17:00<\/strong> \u00e0 la <strong><a href=\"http:\/\/www.maisondelacreation.org\/evenements\/DE-GAZA-A-BRUXELLES-2\" target=\"_blank\" rel=\"noopener noreferrer\">Maison de la cr\u00e9ation<\/a> &#8211; Centre culturel Bruxelles Nord.<\/strong><\/span><\/p>\n<p style=\"text-align: left;\"><span style=\"font-family: 'Courier New',Courier; color: #008080;\">Se r\u00e9approprier les mots pour dire le monde et sa complexit\u00e9.<\/span><\/p>\n<p style=\"text-align: left;\"><span style=\"font-family: 'Courier New',Courier; color: #008080;\">Un vernissage d\u2019expo, une table ronde, la projection du film d\u2019animation r\u00e9alis\u00e9 par de jeunes \u00e9tudiants de Gaza viendront cl\u00f4turer ce projet le <strong>vendredi 10 novembre<\/strong>. Des artistes et des jeunes s\u2019engagent pour \u00e9voquer \u00e0 la fois le conflit isra\u00e9lo-palestinien tout en faisant \u00e9cho \u00e0 la comm\u00e9moration de l\u2019armistice du 11 novembre.\u00a0<\/span><\/p>\n<p style=\"text-align: left;\"><span style=\"font-family: 'Courier New',Courier; color: #008080;\"><strong>\/\/\/ PROJET \/\/\/<\/strong><\/span><\/p>\n<p style=\"text-align: left;\"><img loading=\"lazy\" class=\"alignleft size-full wp-image-1376\" src=\"http:\/\/glazza.eu\/wp-content\/uploads\/2016\/08\/UNRWA_G1_01_X1_0466.jpg\" alt=\"\" width=\"3125\" height=\"2083\" srcset=\"https:\/\/glazza.eu\/wp-content\/uploads\/2016\/08\/UNRWA_G1_01_X1_0466.jpg 3125w, https:\/\/glazza.eu\/wp-content\/uploads\/2016\/08\/UNRWA_G1_01_X1_0466-300x200.jpg 300w, https:\/\/glazza.eu\/wp-content\/uploads\/2016\/08\/UNRWA_G1_01_X1_0466-1024x683.jpg 1024w\" sizes=\"(max-width: 3125px) 100vw, 3125px\" \/><\/p>\n<p style=\"text-align: left;\"><span style=\"font-family: 'Courier New',Courier; color: #008080;\">Un film d&#8217;animation a \u00e9t\u00e9 r\u00e9alis\u00e9 par des <strong>jeunes \u00e0 Gaza<\/strong> au cours du mois de juillet, et des jeunes de Bruxelles cr\u00e9eront une musique et textes accompagnant ce film d&#8217;animation qui sera montr\u00e9 \u00e0 la <a href=\"http:\/\/www.maisondelacreation.org\/evenements\/DE-GAZA-A-BRUXELLES-2\" target=\"_blank\" rel=\"noopener noreferrer\"><strong>Maison de la cr\u00e9ation<\/strong><\/a> \u00e0 la fin d&#8217;un atelier de cr\u00e9ation de rap et de musique d\u00e9but novembre.<\/span><\/p>\n<p style=\"text-align: left;\"><span style=\"font-family: 'Courier New',Courier; color: #008080;\">Les jeunes de Gaza sont des enfants de r\u00e9fugi\u00e9s palestiniens d&#8217;\u00e9coles des <a href=\"https:\/\/www.unrwa.org\" target=\"_blank\" rel=\"noopener noreferrer\"><strong>Nations Unies<\/strong><\/a> (UNRWA) et des programmes de la <a href=\"http:\/\/www.qattanfoundation.org\/en\/cap\" target=\"_blank\" rel=\"noopener noreferrer\"><strong>A.M. Qattan Foundation<\/strong><\/a>. Le projet \u00e0 Gaza a \u00e9t\u00e9 propos\u00e9 et accompagn\u00e9 dans le cadre des Summer Fun Weeks de UNRWA par les artistes bruxellois <a href=\"http:\/\/www.graphoui.org\/2014\/\" target=\"_blank\" rel=\"noopener noreferrer\"><strong>Aline Moens<\/strong> (<strong>Graphoui<\/strong>)<\/a> et <a href=\"http:\/\/www.michelevanvlasselaer.com\" target=\"_blank\" rel=\"noopener noreferrer\"><strong>Mich\u00e8le Vanvlasselaer<\/strong><\/a> (<strong>Glazza<\/strong>).<\/span><\/p>\n<p style=\"text-align: left;\"><span style=\"font-family: 'Courier New',Courier; color: #008080;\">Gr\u00e2ce \u00e0 <a href=\"http:\/\/www.musicfund.eu\" target=\"_blank\" rel=\"noopener noreferrer\"><strong>Music Fund<\/strong><\/a>, le duo <strong>Bani Adam<\/strong> de Gaza (rappeur <strong>Ayman Mghamis<\/strong> et musicien <strong>Alaa Shublaq<\/strong>) viendront du <strong>30 octobre au 4 novembre<\/strong> \u00e0 Bruxelles donner un atelier \u00e0 la <strong>Maison de la cr\u00e9ation<\/strong> pour des jeunes rappeurs et musiciens (\u00e0 partir de 16 ans) pendant lequel ils travailleront sur la cr\u00e9ation de textes et musiques pouvant accompagner le film d&#8217;animation fait par les jeunes de Gaza.<\/span><\/p>\n<p style=\"text-align: left;\"><span style=\"font-family: 'Courier New',Courier; color: #008080;\">Les premiers r\u00e9sultats de ce travail seront montr\u00e9s au cours d&#8217;une soir\u00e9e \u00e0 la Maison de la cr\u00e9ation le vendredi 10 novembre. Pendant cette soir\u00e9e il y aura aussi l&#8217;ouverture d&#8217;une exposition sur le film d&#8217;animation des jeunes de Gaza et une table ronde autour du rappeur Ayman Mghamis de Gaza sur la place de l&#8217;art dans le d\u00e9veloppement de Gaza.<\/span><\/p>\n<p style=\"text-align: left;\"><span style=\"font-family: 'Courier New',Courier; color: #008080;\">Ce projet est la deuxi\u00e8me \u00e9dition d&#8217;un programme d&#8217;\u00e9change entre Gaza et Bruxelles, une initiative de Glazza et la Maison de la cr\u00e9ation, cette ann\u00e9e en partenariat aussi avec <strong>Music Fund, Atelier Graphoui, <a href=\"https:\/\/www.unrwa.org\/newsroom\/press-releases\/nearly-200000-gaza-children-take-part-unrwa-\u2018summer-fun-weeks\u2019\" target=\"_blank\" rel=\"noopener noreferrer\">Summer Fun Weeks<\/a><\/strong> (UNRWA) et la <strong>A.M. Qattan Foundation<\/strong>. Le projet est rendu possible gr\u00e2ce au soutien financier de la <strong>R\u00e9gion de Bruxelles-Capitale<\/strong> (la Minstre Fadila Laanan), la <strong>Commission Communautaire Fran\u00e7aise<\/strong> et la <strong>Ville de Bruxelles<\/strong> (Cellule Solidarit\u00e9 Internationale).<\/span><\/p>\n<p style=\"text-align: left;\"><span style=\"font-family: 'Courier New',Courier; color: #008080;\"><strong>\/\/\/ LE FILM D&#8217;ANIMATION &gt; DESCRIPTION \/\/\/<\/strong><\/span><\/p>\n<p style=\"text-align: left;\"><span style=\"font-family: 'Courier New',Courier; color: #008080;\">Voici ce que les enfants et adolescents de Gaza qui ont r\u00e9alis\u00e9 le film d&#8217;animation disent sur le Gaza dont ils ont r\u00eavent en dessinant le film d&#8217;animation:<br \/>\n<em>&#8220;Le village de Gaza \u00e9tait un jeune tigre pr\u00eat \u00e0 relever des d\u00e9fis, et il est devenu une grande ville.<br \/>\nMaintenant Gaza connait des nuits noires de destruction, et se reconstruit des beaux jours.<br \/>\nGaza est un vieux lion, qui regarde ses habitants avec une grande exp\u00e9rience et sagesse.<br \/>\nIl connait les difficult\u00e9s et souffrances qu&#8217;ils traversent.<br \/>\nGaza est une lionne qui sourit et montre des dents pour prot\u00e9ger ses enfants.&#8221;<\/em><\/span><\/p>\n<p style=\"text-align: left;\"><span style=\"font-family: 'Courier New',Courier; color: #008080;\"><strong>\/\/\/ WORKSHOP \/\/\/<\/strong><\/span><\/p>\n<p style=\"text-align: left;\"><span style=\"font-family: 'Courier New',Courier; color: #008080;\"><strong>Ayman Mghamis<\/strong> dirigera un \u2018workshop&#8217; avec de jeunes rappeurs \u00e0 partir de 16 ans(groupe de maximum 10 \u00e0 12 personnes) et sera assist\u00e9 par <strong>Alaa Shublaq<\/strong> (Gaza), <strong>Jade Hoornaert<\/strong> (b\u00e9n\u00e9vole Glazza\/Music Fund) et un artiste-animateur rappeur belge.<\/span><\/p>\n<p style=\"text-align: left;\"><span style=\"font-family: 'Courier New',Courier; color: #008080;\"><strong>Le worshop se tiendra du lundi 30 septembre au vendredi 3 novembre de 14:00 \u00e0 17:00 \u00e0 la <a href=\"http:\/\/www.maisondelacreation.org\/evenements\/DE-GAZA-A-BRUXELLES-2\" target=\"_blank\" rel=\"noopener noreferrer\">Maison de la cr\u00e9ation<\/a> &#8211; Centre culturel Bruxelles Nord.<\/strong><\/span><\/p>\n<p style=\"text-align: left;\"><span style=\"font-family: 'Courier New',Courier; color: #008080;\"><strong>\/\/\/ SOIREE DU 10-11-17 D\u00e8S 20:00 \/\/\/<\/strong><br \/>\n<strong>Concert <\/strong><strong>+ Film + d\u00e9bat + vernissage<\/strong><\/span><\/p>\n<p style=\"text-align: left;\"><span style=\"font-family: 'Courier New',Courier; color: #008080;\"><strong>&gt; Concert<\/strong> : Duo <strong>Bani Adam<\/strong> (<strong>Ayman Mghamis<\/strong> &amp; <strong>Alaa Shublacq<\/strong>) et projection du film d&#8217;animation r\u00e9alis\u00e9 \u00e0 Gaza<\/span><\/p>\n<p style=\"text-align: left;\"><span style=\"font-family: 'Courier New',Courier; color: #008080;\"><strong>&gt; Table ronde &#8220;Un rappeur \u00e0 Gaza&#8221;:<br \/>\n&#8211; Intervenants: Ayman Mghamis &amp; Lukas Pairon (fondateur Music Fund <\/strong>et <strong>Glazza)<br \/>\n&#8211; Mod\u00e9rateur : \u00e0 d\u00e9finir<\/strong><\/span><\/p>\n<p style=\"text-align: left;\"><span style=\"font-family: 'Courier New',Courier; color: #008080;\"><strong>&gt; Vernissage et rencontre<\/strong> entre public, artistes, intervenants, participants au workshop<br \/>\n&#8212;&#8211;<\/span><\/p>\n<p style=\"text-align: left;\"><span style=\"font-family: 'Courier New',Courier; color: #008080;\">Artistes:<br \/>\nAyman Mghames: https:\/\/www.facebook.com\/AbuJoury1<br \/>\nAlaa Shublaq: https:\/\/www.facebook.com\/alaa.shublaq.5<br \/>\nL&#8217;ensemble Bani Adam : https:\/\/www.facebook.com\/BaniAdamBand<\/span><\/p>\n<p style=\"text-align: left;\"><span style=\"font-family: 'Courier New',Courier; color: #008080;\">Partenaires:<\/span><\/p>\n<p style=\"text-align: left;\"><span style=\"font-family: 'Courier New',Courier; color: #008080;\"><strong>UNRWA Summer Fun Weeks<\/strong>, Gaza (www.unrwa.org)<strong><br \/>\nMaison de la cr\u00e9ation<\/strong> (www.maisondelacreation.org)<strong><br \/>\nGlazza<\/strong> (www.glazza.eu)<strong><br \/>\nMusic Fund<\/strong> (www.musicfund.eu)<strong><br \/>\nAtelier Graphoui<\/strong> (www.graphoui.org)<strong><br \/>\nA.M. Qattan Foundation <\/strong>(www.qattanfoundation.org)<strong><br \/>\nCommission communautaire fran\u00e7aise de la R\u00e9gion de Bruxelles<\/strong> (COCOF)<br \/>\n<strong>Solidarit\u00e9 internationale<\/strong> &#8211; Ville de Bruxelles<\/span><\/p>\n<hr \/>\n<p><span style=\"font-family: 'Courier New',Courier;\"><strong>PRESENTATIE: De impact van kunst en cultuur op ontwikkeling met Lukas Pairon<\/strong> <\/span><\/p>\n<p style=\"padding-left: 30px;\"><span style=\"font-family: 'Courier New',Courier;\"><span style=\"text-decoration: underline;\">Datum<\/span>: Dinsdag 9 Mei 2017, 17u45 &#8211; 20u30<\/span><\/p>\n<p style=\"padding-left: 30px;\"><span style=\"font-family: 'Courier New',Courier;\"><span style=\"text-decoration: underline;\">Locatie<\/span>: Bozar Museum, Terarken, 1000 Brussel <\/span><\/p>\n<p style=\"padding-left: 30px;\"><span style=\"font-family: 'Courier New',Courier;\"><span style=\"text-decoration: underline;\">Taal<\/span>: Nederlands <\/span><\/p>\n<p style=\"padding-left: 30px;\"><span style=\"font-family: 'Courier New',Courier;\"><span style=\"text-decoration: underline;\">Opmerking<\/span>:\u00a0 <strong>Gratis toegang na inschrijving.<\/strong><br \/>\nInschrijven v\u00f3\u00f3r vrijdag 5 mei. Dit kan via het inschrijvingsformulier <a href=\"http:\/\/echoscommunication.org\/nl\/2017\/03\/21\/ngo-lezing-lukas-pairon-over-de-impact-van-kunst-en-cultuur-op-ontwikkeling\/\" target=\"_blank\" rel=\"noopener noreferrer\">op deze pagina<\/a> of via mail naar <a href=\"mailto:sylvie.walraevens@echoscommunication.org\" target=\"_blank\" rel=\"noopener noreferrer\">sylvie.walraevens@echoscommunication.org<\/a>, met vermelding van naam, organisatie en telefoonnummer.<\/span><\/p>\n<p style=\"padding-left: 30px;\"><img loading=\"lazy\" class=\"alignleft size-full wp-image-1305\" src=\"http:\/\/glazza.eu\/wp-content\/uploads\/2016\/08\/04-Kinshasa03.jpg\" alt=\"\u00a9 Olivier Marie\" width=\"5866\" height=\"4042\" srcset=\"https:\/\/glazza.eu\/wp-content\/uploads\/2016\/08\/04-Kinshasa03.jpg 5866w, https:\/\/glazza.eu\/wp-content\/uploads\/2016\/08\/04-Kinshasa03-300x207.jpg 300w, https:\/\/glazza.eu\/wp-content\/uploads\/2016\/08\/04-Kinshasa03-1024x706.jpg 1024w\" sizes=\"(max-width: 5866px) 100vw, 5866px\" \/><\/p>\n<p style=\"padding-left: 30px;\"><span style=\"font-family: 'Courier New',Courier;\">\u00a9 Olivier Marie<\/span><\/p>\n<p><span style=\"font-family: 'Courier New',Courier;\"><br \/>\nBegin 2009 zag <strong>Lukas Pairon<\/strong> hoe de eerste muziekschool van Gaza gebombardeerd was en na amper twee maanden weer openging. \u201cHebben ze geen andere prioriteiten?\u201d, kan je je afvragen. In deze dient Lukas Pairon je van repliek door zijn bevindingen van zijn doctoraal proefschrift te delen over de betekenis van muziek voor jongeren in een gewelddadige omgeving. Hij volgde twee kwetsbare groepen jongeren in Kinshasa van nabij: een bende ex-gangsters en zogenaamde \u2018heksenkinderen\u2019. Stel al je vragen nadien tijdens het gesprek.<br \/>\nDe Belgische artieste <strong>Marie-Francoise Plissart<\/strong>\u00a0zal ook een teaser presenteren van haar project <em>Tambours Majeurs<\/em>, een film die ze aan het realiseren is over de percussionisten van Beta Mbonda, een muziek-ensemble samengesteld uit voormalige leden van gewelddadige gangs uit Kinshasa, die nu fijne muzikanten zijn geworden, en de afgelopen jaren bestudeerd werden door Lukas Pairon in het kader van zijn doctoraatsonderzoek.<\/span><\/p>\n<p><span style=\"font-family: 'Courier New',Courier;\">Lukas Pairon was artistiek directeur bij het <strong>Festival van Vlaanderen<\/strong>, oprichter en algemeen directeur van het <strong>muziektheaterhuis Walpurgis<\/strong> en directeur bij het <strong>Ictus-ensemble<\/strong>. In 2005 richtte hij <strong>Music Fund<\/strong> op, een organisatie die jonge muzikanten en muziekscholen in conflictgebieden steunt. Tussen 2009 en 2012 leidde hij een uitwisselingsprogramma tussen Isra\u00eblische en Palestijnse mensenrechtenactivisten en achttienjarigen uit Antwerpse scholen. Momenteel is Lukas Pairon mede-oprichter en voorzitter van <strong>Glazza<\/strong>, een organisatie die artistieke en educatieve projecten in Gaza steunt.<\/span><\/p>\n<hr \/>\n<p><span style=\"font-family: 'Courier New',Courier;\"><strong>VERNISSAGE: \u201cVan Gaza naar Brussel, tegen alle verwachtingen in\u201d, een project van Mich\u00e8le Vanvlasselaer.<\/strong> <\/span><\/p>\n<p style=\"padding-left: 30px;\"><span style=\"font-family: 'Courier New',Courier;\"><span style=\"text-decoration: underline;\">Datum<\/span>: 9 November 2016, 19u30 &#8211; 22u30<\/span><\/p>\n<p style=\"padding-left: 30px;\"><span style=\"font-family: 'Courier New',Courier;\"><span style=\"text-decoration: underline;\">Locatie<\/span>: Maison de la cr\u00e9ation,\u00a0Place Saint Nicolas 3, 1120 Brussel <\/span><\/p>\n<p style=\"padding-left: 30px;\"><span style=\"font-family: 'Courier New',Courier;\"><span style=\"text-decoration: underline;\">Opmerking<\/span>:\u00a0 <strong>Gratis toegang <\/strong><\/span><\/p>\n<p style=\"padding-left: 30px;\"><span style=\"font-family: 'Courier New',Courier;\">Een tentoonstelling gemaakt door jongeren uit Brussel en Gaza.<\/span><\/p>\n<p><img loading=\"lazy\" class=\"alignleft size-full wp-image-1313\" src=\"http:\/\/glazza.eu\/wp-content\/uploads\/2016\/08\/weavings.jpg\" alt=\"weavings\" width=\"3168\" height=\"2112\" srcset=\"https:\/\/glazza.eu\/wp-content\/uploads\/2016\/08\/weavings.jpg 3168w, https:\/\/glazza.eu\/wp-content\/uploads\/2016\/08\/weavings-300x200.jpg 300w, https:\/\/glazza.eu\/wp-content\/uploads\/2016\/08\/weavings-1024x683.jpg 1024w\" sizes=\"(max-width: 3168px) 100vw, 3168px\" \/><\/p>\n<hr \/>\n<p><img loading=\"lazy\" class=\"size-full wp-image-1243\" src=\"http:\/\/glazza.eu\/wp-content\/uploads\/2016\/04\/noname.jpg\" alt=\"Programme 5 October\" width=\"1748\" height=\"5669\" srcset=\"https:\/\/glazza.eu\/wp-content\/uploads\/2016\/04\/noname.jpg 1748w, https:\/\/glazza.eu\/wp-content\/uploads\/2016\/04\/noname-316x1024.jpg 316w\" sizes=\"(max-width: 1748px) 100vw, 1748px\" \/><\/p>","protected":false},"excerpt":{"rendered":"<p>Van Gaza naar Brussel #2 10 NOVEMBER 2017 &#8211; 19:30 TOUT PUBLIC \u2013 GRATUIT Comment parler de la paix \u00e0 travers un \u201cbattle\u201d artistique\u00a0C&#8217;est tout l&#8217;enjeu du workshop qui se tiendra du lundi 30 septembre au vendredi 3 novembre de [&hellip;]<\/p>\n","protected":false},"author":1,"featured_media":0,"parent":0,"menu_order":0,"comment_status":"closed","ping_status":"closed","template":"","meta":[],"_links":{"self":[{"href":"https:\/\/glazza.eu\/nl\/wp-json\/wp\/v2\/pages\/1133"}],"collection":[{"href":"https:\/\/glazza.eu\/nl\/wp-json\/wp\/v2\/pages"}],"about":[{"href":"https:\/\/glazza.eu\/nl\/wp-json\/wp\/v2\/types\/page"}],"author":[{"embeddable":true,"href":"https:\/\/glazza.eu\/nl\/wp-json\/wp\/v2\/users\/1"}],"replies":[{"embeddable":true,"href":"https:\/\/glazza.eu\/nl\/wp-json\/wp\/v2\/comments?post=1133"}],"version-history":[{"count":42,"href":"https:\/\/glazza.eu\/nl\/wp-json\/wp\/v2\/pages\/1133\/revisions"}],"predecessor-version":[{"id":1387,"href":"https:\/\/glazza.eu\/nl\/wp-json\/wp\/v2\/pages\/1133\/revisions\/1387"}],"wp:attachment":[{"href":"https:\/\/glazza.eu\/nl\/wp-json\/wp\/v2\/media?parent=1133"}],"curies":[{"name":"wp","href":"https:\/\/api.w.org\/{rel}","templated":true}]}}