{"id":520,"date":"2016-04-08T17:05:44","date_gmt":"2016-04-08T16:05:44","guid":{"rendered":"http:\/\/glazza.eu\/?page_id=520"},"modified":"2022-05-01T13:22:20","modified_gmt":"2022-05-01T12:22:20","slug":"projects","status":"publish","type":"page","link":"https:\/\/glazza.eu\/nl\/projects\/","title":{"rendered":"Projecten"},"content":{"rendered":"<p><span style=\"font-family: 'Courier New',Courier; color: #008080;\">GLAZZA organiseert: ACTIVITEITEN, WORKSHOPS, TENTOONSTELLINGEN en veel meer!<\/span><\/p>\n<hr \/>\n<p><img loading=\"lazy\" class=\"alignleft wp-image-487 size-full\" src=\"http:\/\/glazza.eu\/wp-content\/uploads\/2016\/04\/badhuisKleinerFormaat.jpg\" alt=\"badhuisKleinerFormaat\" width=\"500\" height=\"625\" srcset=\"https:\/\/glazza.eu\/wp-content\/uploads\/2016\/04\/badhuisKleinerFormaat.jpg 500w, https:\/\/glazza.eu\/wp-content\/uploads\/2016\/04\/badhuisKleinerFormaat-240x300.jpg 240w\" sizes=\"(max-width: 500px) 100vw, 500px\" \/><\/p>\n<p><strong><span style=\"color: #008080;\"><span style=\"font-family: 'Courier New',Courier;\">ACTIVITEITEN<\/span><\/span><\/strong><span style=\"font-family: 'Courier New',Courier;\"> <span style=\"color: #008080;\">De meesten onder ons denken wanneer ze aan Gaza denken, aan een angstaanjagende, gevaarlijke en deprimerende plek. Zonder de immense moeilijkheden van het leven in Gaza te negeren, strookt dat beeld niet met deze levendige en vindingrijke omgeving. Via onze projecten willen wij een andere kant van het leven in Gaza tonen, en laten zien hoe onze vrienden in Gaza, tegen alle verwachtingen in, van hun leven het beste maken.\u00a0<\/span><\/span><\/p>\n<p><span style=\"font-family: 'Courier New',Courier;\"><em>Tijdens de weken van de\u00a0&#8220;Internationale Solidariteit&#8221; die de stad Brussel in oktober-november organiseert, neemt GLAZZA deel aan een artistiek uitwisselingsproject tussen Gaza en Brussel, in samenwerking met <a href=\"http:\/\/www.maisondelacreation.org\" target=\"_blank\" rel=\"noopener noreferrer\">Maison de la cr\u00e9ation<\/a>.<\/em><br \/>\n<\/span><\/p>\n<hr \/>\n<p style=\"text-align: left;\"><strong><span style=\"font-family: 'Courier New',Courier; color: #008080;\">WORKSHOPS in Gaza<\/span><\/strong><\/p>\n<p style=\"text-align: left;\"><span style=\"text-decoration: underline;\"><span style=\"font-family: 'Courier New', Courier; color: #000000; text-decoration: underline;\">ONDERWIJS<\/span><\/span><strong><span style=\"font-family: 'Courier New',Courier; color: #008080;\"><br \/>\n<\/span><\/strong><span style=\"font-family: 'Courier New',Courier; color: #008080;\">De Belgische kunstenares Mich\u00e8le Vanvlasselaer zal samen met een team van studenten en kunstenaars glasramen ontwerpen en uitvoeren voor de priv\u00e9 sector in Gaza. GLAZZA onderzoekt ook de mogelijkheid om glasramen uit Gaza wereldwijd te exporteren. Bekijk deze <a href=\"http:\/\/glazza.eu\/glazza-in-gaza\/\">VIDEO<\/a> voor de laatste informatie.<br \/>\n<\/span><\/p>\n<p style=\"text-align: left;\"><span style=\"font-family: 'Courier New',Courier; color: #008080;\"><span style=\"text-decoration: underline;\"><span style=\"color: #000000; text-decoration: underline;\">UNRWA<\/span><\/span><br \/>\nIn juli 2016 en 2017 werkte Mich\u00e8le Vanvlasselaer samen met de UNRWA (United Nations Relief and Works Agency for Palestine) aan een gezamenlijk kunstproject met de jeugd van Brussel. Het resultaat zal worden tentoongesteld op 10 november in Brussel en in Gaza in 2018.\u00a0<\/span><\/p>\n<hr \/>\n<p style=\"text-align: left;\"><strong><span style=\"font-family: 'Courier New',Courier; color: #008080;\"> ARCHITECTUUR EN GLAZZA <\/span><\/strong><\/p>\n<p style=\"text-align: left;\"><span style=\"font-family: 'Courier New',Courier; color: #008080;\">GLAZZA is verheugd om voor toekomstige projecten te kunnen samenwerken met de &#8220;Internationale Academie voor Kunsten in Ramallah&#8221; en met de afdelingen Architectuur van de &#8220;Universiteit van Palestina in Gaza&#8221; en de &#8220;Iwan Centre in Gaza&#8221;. <\/span><\/p>\n<p style=\"text-align: left;\"><span style=\"font-family: 'Courier New',Courier; color: #008080;\">In februari 2016 gaf Mich\u00e8le Vanvlasselaer een lezing in deze\u00a0instellingen over \u2018Glas, natuurlijk licht en architectuur\u2019.<br \/>\n<\/span><\/p>\n<p style=\"text-align: left;\"><span style=\"font-family: 'Courier New',Courier; color: #008080;\">In juli 2016 organiseerde de architecten Abdelkarim Gharbawi en Rashid Al Ruzzi een conferentie in Gaza over \u201cde kunst van glas in lood en architectuur\u201d en nodigde Mich\u00e8le Vanvlasselaer uit om over haar werk en toekomstige projecten in Gaza te spreken.<br \/>\n<\/span><\/p>\n<hr \/>\n<p style=\"text-align: left;\"><strong><span style=\"font-family: 'Courier New',Courier; color: #008080;\">EVENEMENTEN<\/span><\/strong><\/p>\n<p style=\"text-align: left;\"><span style=\"font-family: 'Courier New', Courier; color: #000000;\">Van Gaza naar Brussel #2<\/span><\/p>\n<header class=\"uppercase fixed\">\n<h3><\/h3>\n<\/header>\n<header class=\"uppercase fixed\">\n<h3>10 NOVEMBER 2017 &#8211; 19:30<\/h3>\n<\/header>\n<p><img loading=\"lazy\" class=\"alignleft size-full wp-image-1364\" src=\"http:\/\/glazza.eu\/wp-content\/uploads\/2016\/04\/fotoAymanAlaa2017.jpg\" alt=\"\" width=\"5760\" height=\"3840\" srcset=\"https:\/\/glazza.eu\/wp-content\/uploads\/2016\/04\/fotoAymanAlaa2017.jpg 5760w, https:\/\/glazza.eu\/wp-content\/uploads\/2016\/04\/fotoAymanAlaa2017-300x200.jpg 300w, https:\/\/glazza.eu\/wp-content\/uploads\/2016\/04\/fotoAymanAlaa2017-1024x683.jpg 1024w\" sizes=\"(max-width: 5760px) 100vw, 5760px\" \/><\/p>\n<p class=\"public\">TOUT PUBLIC \u2013 GRATUIT<\/p>\n<p style=\"text-align: left;\"><span style=\"font-family: 'Courier New',Courier; color: #008080;\">Comment parler de la paix \u00e0 travers un \u201cbattle\u201d artistique\u00a0C&#8217;est tout l&#8217;enjeu du <strong>workshop<\/strong> qui se tiendra du <strong>lundi 30 septembre au vendredi 3 novembre<\/strong> de <strong>14:00<\/strong> \u00e0 <strong>17:00<\/strong> \u00e0 la <strong><a href=\"http:\/\/www.maisondelacreation.org\/evenements\/DE-GAZA-A-BRUXELLES-2\" target=\"_blank\" rel=\"noopener noreferrer\">Maison de la cr\u00e9ation<\/a> &#8211; Centre culturel Bruxelles Nord.<\/strong><\/span><\/p>\n<p style=\"text-align: left;\"><span style=\"font-family: 'Courier New',Courier; color: #008080;\">Se r\u00e9approprier les mots pour dire le monde et sa complexit\u00e9.<\/span><\/p>\n<p style=\"text-align: left;\"><span style=\"font-family: 'Courier New',Courier; color: #008080;\">Un vernissage d\u2019expo, une table ronde, la projection du film d\u2019animation r\u00e9alis\u00e9 par de jeunes \u00e9tudiants de Gaza viendront cl\u00f4turer ce projet le <strong>vendredi 10 novembre<\/strong>. Des artistes et des jeunes s\u2019engagent pour \u00e9voquer \u00e0 la fois le conflit isra\u00e9lo-palestinien tout en faisant \u00e9cho \u00e0 la comm\u00e9moration de l\u2019armistice du 11 novembre.\u00a0<\/span><\/p>\n<p style=\"text-align: left;\"><span style=\"font-family: 'Courier New',Courier; color: #008080;\"><strong>\/\/\/ PROJET \/\/\/<\/strong><\/span><\/p>\n<p style=\"text-align: left;\"><img loading=\"lazy\" class=\"alignleft size-full wp-image-1376\" src=\"http:\/\/glazza.eu\/wp-content\/uploads\/2016\/08\/UNRWA_G1_01_X1_0466.jpg\" alt=\"\" width=\"3125\" height=\"2083\" srcset=\"https:\/\/glazza.eu\/wp-content\/uploads\/2016\/08\/UNRWA_G1_01_X1_0466.jpg 3125w, https:\/\/glazza.eu\/wp-content\/uploads\/2016\/08\/UNRWA_G1_01_X1_0466-300x200.jpg 300w, https:\/\/glazza.eu\/wp-content\/uploads\/2016\/08\/UNRWA_G1_01_X1_0466-1024x683.jpg 1024w\" sizes=\"(max-width: 3125px) 100vw, 3125px\" \/><\/p>\n<p style=\"text-align: left;\"><span style=\"font-family: 'Courier New',Courier; color: #008080;\">Un film d&#8217;animation a \u00e9t\u00e9 r\u00e9alis\u00e9 par des <strong>jeunes \u00e0 Gaza<\/strong> au cours du mois de juillet, et des jeunes de Bruxelles cr\u00e9eront une musique et textes accompagnant ce film d&#8217;animation qui sera montr\u00e9 \u00e0 la <a href=\"http:\/\/www.maisondelacreation.org\/evenements\/DE-GAZA-A-BRUXELLES-2\" target=\"_blank\" rel=\"noopener noreferrer\"><strong>Maison de la cr\u00e9ation<\/strong><\/a> \u00e0 la fin d&#8217;un atelier de cr\u00e9ation de rap et de musique d\u00e9but novembre.<\/span><\/p>\n<p style=\"text-align: left;\"><span style=\"font-family: 'Courier New',Courier; color: #008080;\">Les jeunes de Gaza sont des enfants de r\u00e9fugi\u00e9s palestiniens d&#8217;\u00e9coles des <a href=\"https:\/\/www.unrwa.org\" target=\"_blank\" rel=\"noopener noreferrer\"><strong>Nations Unies<\/strong><\/a> (UNRWA) et des programmes de la <a href=\"http:\/\/www.qattanfoundation.org\/en\/cap\" target=\"_blank\" rel=\"noopener noreferrer\"><strong>A.M. Qattan Foundation<\/strong><\/a>. Le projet \u00e0 Gaza a \u00e9t\u00e9 propos\u00e9 et accompagn\u00e9 dans le cadre des Summer Fun Weeks de UNRWA par les artistes bruxellois <a href=\"http:\/\/www.graphoui.org\/2014\/\" target=\"_blank\" rel=\"noopener noreferrer\"><strong>Aline Moens<\/strong> (<strong>Graphoui<\/strong>)<\/a> et <a href=\"http:\/\/www.michelevanvlasselaer.com\" target=\"_blank\" rel=\"noopener noreferrer\"><strong>Mich\u00e8le Vanvlasselaer<\/strong><\/a> (<strong>Glazza<\/strong>).<\/span><\/p>\n<p style=\"text-align: left;\"><span style=\"font-family: 'Courier New',Courier; color: #008080;\">Gr\u00e2ce \u00e0 <a href=\"http:\/\/www.musicfund.eu\" target=\"_blank\" rel=\"noopener noreferrer\"><strong>Music Fund<\/strong><\/a>, le duo <strong>Bani Adam<\/strong> de Gaza (rappeur <strong>Ayman Mghamis<\/strong> et musicien <strong>Alaa Shublaq<\/strong>) viendront du <strong>30 octobre au 4 novembre<\/strong> \u00e0 Bruxelles donner un atelier \u00e0 la <strong>Maison de la cr\u00e9ation<\/strong> pour des jeunes rappeurs et musiciens (\u00e0 partir de 16 ans) pendant lequel ils travailleront sur la cr\u00e9ation de textes et musiques pouvant accompagner le film d&#8217;animation fait par les jeunes de Gaza.<\/span><\/p>\n<p style=\"text-align: left;\"><span style=\"font-family: 'Courier New',Courier; color: #008080;\">Les premiers r\u00e9sultats de ce travail seront montr\u00e9s au cours d&#8217;une soir\u00e9e \u00e0 la Maison de la cr\u00e9ation le vendredi 10 novembre. Pendant cette soir\u00e9e il y aura aussi l&#8217;ouverture d&#8217;une exposition sur le film d&#8217;animation des jeunes de Gaza et une table ronde autour du rappeur Ayman Mghamis de Gaza sur la place de l&#8217;art dans le d\u00e9veloppement de Gaza.<\/span><\/p>\n<p style=\"text-align: left;\"><span style=\"font-family: 'Courier New',Courier; color: #008080;\">Ce projet est la deuxi\u00e8me \u00e9dition d&#8217;un programme d&#8217;\u00e9change entre Gaza et Bruxelles, une initiative de Glazza et la Maison de la cr\u00e9ation, cette ann\u00e9e en partenariat aussi avec <strong>Music Fund, Atelier Graphoui, <a href=\"https:\/\/www.unrwa.org\/newsroom\/press-releases\/nearly-200000-gaza-children-take-part-unrwa-\u2018summer-fun-weeks\u2019\" target=\"_blank\" rel=\"noopener noreferrer\">Summer Fun Weeks<\/a><\/strong> (UNRWA) et la <strong>A.M. Qattan Foundation<\/strong>. Le projet est rendu possible gr\u00e2ce au soutien financier de la <strong>R\u00e9gion de Bruxelles-Capitale<\/strong> (la Minstre Fadila Laanan), la <strong>Commission Communautaire Fran\u00e7aise<\/strong> et la <strong>Ville de Bruxelles<\/strong> (Cellule Solidarit\u00e9 Internationale).<\/span><\/p>\n<p style=\"text-align: left;\"><span style=\"font-family: 'Courier New',Courier; color: #008080;\"><strong>\/\/\/ LE FILM D&#8217;ANIMATION &gt; DESCRIPTION \/\/\/<\/strong><\/span><\/p>\n<p style=\"text-align: left;\"><span style=\"font-family: 'Courier New',Courier; color: #008080;\">Voici ce que les enfants et adolescents de Gaza qui ont r\u00e9alis\u00e9 le film d&#8217;animation disent sur le Gaza dont ils ont r\u00eavent en dessinant le film d&#8217;animation:<br \/>\n<em>&#8220;Le village de Gaza \u00e9tait un jeune tigre pr\u00eat \u00e0 relever des d\u00e9fis, et il est devenu une grande ville.<br \/>\nMaintenant Gaza connait des nuits noires de destruction, et se reconstruit des beaux jours.<br \/>\nGaza est un vieux lion, qui regarde ses habitants avec une grande exp\u00e9rience et sagesse.<br \/>\nIl connait les difficult\u00e9s et souffrances qu&#8217;ils traversent.<br \/>\nGaza est une lionne qui sourit et montre des dents pour prot\u00e9ger ses enfants.&#8221;<\/em><\/span><\/p>\n<p style=\"text-align: left;\"><span style=\"font-family: 'Courier New',Courier; color: #008080;\"><strong>\/\/\/ WORKSHOP \/\/\/<\/strong><\/span><\/p>\n<p style=\"text-align: left;\"><span style=\"font-family: 'Courier New',Courier; color: #008080;\"><strong>Ayman Mghamis<\/strong> dirigera un \u2018workshop&#8217; avec de jeunes rappeurs \u00e0 partir de 16 ans(groupe de maximum 10 \u00e0 12 personnes) et sera assist\u00e9 par <strong>Alaa Shublaq<\/strong> (Gaza), <strong>Jade Hoornaert<\/strong> (b\u00e9n\u00e9vole Glazza\/Music Fund) et un artiste-animateur rappeur belge.<\/span><\/p>\n<p style=\"text-align: left;\"><span style=\"font-family: 'Courier New',Courier; color: #008080;\"><strong>Le worshop se tiendra du lundi 30 septembre au vendredi 3 novembre de 14:00 \u00e0 17:00 \u00e0 la <a href=\"http:\/\/www.maisondelacreation.org\/evenements\/DE-GAZA-A-BRUXELLES-2\" target=\"_blank\" rel=\"noopener noreferrer\">Maison de la cr\u00e9ation<\/a> &#8211; Centre culturel Bruxelles Nord.<\/strong><\/span><\/p>\n<p style=\"text-align: left;\"><span style=\"font-family: 'Courier New',Courier; color: #008080;\"><strong>\/\/\/ SOIREE DU 10-11-17 D\u00e8S 20:00 \/\/\/<\/strong><br \/>\n<strong>Concert <\/strong><strong>+ Film + d\u00e9bat + vernissage<\/strong><\/span><\/p>\n<p style=\"text-align: left;\"><span style=\"font-family: 'Courier New',Courier; color: #008080;\"><strong>&gt; Concert<\/strong> : Duo <strong>Bani Adam<\/strong> (<strong>Ayman Mghamis<\/strong> &amp; <strong>Alaa Shublacq<\/strong>) et projection du film d&#8217;animation r\u00e9alis\u00e9 \u00e0 Gaza<\/span><\/p>\n<p style=\"text-align: left;\"><span style=\"font-family: 'Courier New',Courier; color: #008080;\"><strong>&gt; Table ronde &#8220;Un rappeur \u00e0 Gaza&#8221;:<br \/>\n&#8211; Intervenants: Ayman Mghamis &amp; Lukas Pairon (fondateur Music Fund <\/strong>et <strong>Glazza)<br \/>\n&#8211; Mod\u00e9rateur : \u00e0 d\u00e9finir<\/strong><\/span><\/p>\n<p style=\"text-align: left;\"><span style=\"font-family: 'Courier New',Courier; color: #008080;\"><strong>&gt; Vernissage et rencontre<\/strong> entre public, artistes, intervenants, participants au workshop<br \/>\n&#8212;&#8211;<\/span><\/p>\n<p style=\"text-align: left;\"><span style=\"font-family: 'Courier New',Courier; color: #008080;\">Artistes:<br \/>\nAyman Mghames: https:\/\/www.facebook.com\/AbuJoury1<br \/>\nAlaa Shublaq: https:\/\/www.facebook.com\/alaa.shublaq.5<br \/>\nL&#8217;ensemble Bani Adam : https:\/\/www.facebook.com\/BaniAdamBand<\/span><\/p>\n<p style=\"text-align: left;\"><span style=\"font-family: 'Courier New',Courier; color: #008080;\">Partenaires:<\/span><\/p>\n<p style=\"text-align: left;\"><span style=\"font-family: 'Courier New',Courier; color: #008080;\"><strong>UNRWA Summer Fun Weeks<\/strong>, Gaza (www.unrwa.org)<strong><br \/>\nMaison de la cr\u00e9ation<\/strong> (www.maisondelacreation.org)<strong><br \/>\nGlazza<\/strong> (www.glazza.eu)<strong><br \/>\nMusic Fund<\/strong> (www.musicfund.eu)<strong><br \/>\nAtelier Graphoui<\/strong> (www.graphoui.org)<strong><br \/>\nA.M. Qattan Foundation <\/strong>(www.qattanfoundation.org)<strong><br \/>\nCommission communautaire fran\u00e7aise de la R\u00e9gion de Bruxelles<\/strong> (COCOF)<br \/>\n<strong>Solidarit\u00e9 internationale<\/strong> &#8211; Ville de Bruxelles<\/span><\/p>\n<div class=\"tiny tiny-body\"><\/div>\n<p style=\"text-align: left;\"><span style=\"text-decoration: underline;\"><span style=\"font-family: 'Courier New', Courier; color: #008080; text-decoration: underline;\">De Gaza \u00e0\u00a0Bruxelles,\u00a0<strong>Contre Vents et Mar\u00e9es.<\/strong><br \/>\n<\/span><\/span><span style=\"font-family: 'Courier New', Courier; color: #008080;\">Op woensdag 5 oktober <strong>2016<\/strong>, presenteert GLAZZA samen met <a href=\"http:\/\/www.maisondelacreation.org\/Mc-NOH\" target=\"_blank\" rel=\"noopener noreferrer\">Maison de la creation<\/a>, de stad Brussel, en een aantal culturele partners een avond rond kunst in Gaza. Die avond zal de film van Marc Temmerman &#8220;Mich\u00e8le Vanvlasselaer in Gaza&#8221; worden geprojecteerd en verschillende culturele partners en kunstenaars zullen spreken over kunst en het leven in Gaza.<br \/>\n<\/span><\/p>\n<p><img loading=\"lazy\" class=\"size-full wp-image-1243\" src=\"http:\/\/glazza.eu\/wp-content\/uploads\/2016\/04\/noname.jpg\" alt=\"Programma 5 Oktober\" width=\"1748\" height=\"5669\" srcset=\"https:\/\/glazza.eu\/wp-content\/uploads\/2016\/04\/noname.jpg 1748w, https:\/\/glazza.eu\/wp-content\/uploads\/2016\/04\/noname-316x1024.jpg 316w\" sizes=\"(max-width: 1748px) 100vw, 1748px\" \/><\/p>\n<p style=\"text-align: left;\"><span style=\"color: #ffffff;\">\u00a0<\/span><\/p>\n<hr \/>\n<hr \/>\n<p style=\"text-align: left;\"><span style=\"color: #000000;\"><em><span style=\"font-family: 'Courier New',Courier;\">De foto van het Turkse badhuis is genomen in Gaza stad. De Hamam Al-Sammara dateert uit de periode van de Mamelukken en werd rond 1320 gerenoveerd.<\/span><\/em><\/span><\/p>\n<p><\/p>","protected":false},"excerpt":{"rendered":"<p>Onze verontschuldigingen, dit bericht is alleen beschikbaar in Amerikaans Engels.<\/p>\n","protected":false},"author":1,"featured_media":0,"parent":0,"menu_order":5,"comment_status":"closed","ping_status":"closed","template":"","meta":[],"_links":{"self":[{"href":"https:\/\/glazza.eu\/nl\/wp-json\/wp\/v2\/pages\/520"}],"collection":[{"href":"https:\/\/glazza.eu\/nl\/wp-json\/wp\/v2\/pages"}],"about":[{"href":"https:\/\/glazza.eu\/nl\/wp-json\/wp\/v2\/types\/page"}],"author":[{"embeddable":true,"href":"https:\/\/glazza.eu\/nl\/wp-json\/wp\/v2\/users\/1"}],"replies":[{"embeddable":true,"href":"https:\/\/glazza.eu\/nl\/wp-json\/wp\/v2\/comments?post=520"}],"version-history":[{"count":176,"href":"https:\/\/glazza.eu\/nl\/wp-json\/wp\/v2\/pages\/520\/revisions"}],"predecessor-version":[{"id":1678,"href":"https:\/\/glazza.eu\/nl\/wp-json\/wp\/v2\/pages\/520\/revisions\/1678"}],"wp:attachment":[{"href":"https:\/\/glazza.eu\/nl\/wp-json\/wp\/v2\/media?parent=520"}],"curies":[{"name":"wp","href":"https:\/\/api.w.org\/{rel}","templated":true}]}}