{"id":565,"date":"2016-04-08T18:05:15","date_gmt":"2016-04-08T17:05:15","guid":{"rendered":"http:\/\/glazza.eu\/?page_id=565"},"modified":"2016-09-01T14:41:56","modified_gmt":"2016-09-01T13:41:56","slug":"about","status":"publish","type":"page","link":"https:\/\/glazza.eu\/nl\/about\/","title":{"rendered":"Over"},"content":{"rendered":"<p><img loading=\"lazy\" class=\"alignleft wp-image-900 size-full\" src=\"http:\/\/glazza.eu\/wp-content\/uploads\/2016\/04\/PresentartieGazaBewerk-1.jpg\" alt=\"\" width=\"1885\" height=\"614\" srcset=\"https:\/\/glazza.eu\/wp-content\/uploads\/2016\/04\/PresentartieGazaBewerk-1.jpg 1885w, https:\/\/glazza.eu\/wp-content\/uploads\/2016\/04\/PresentartieGazaBewerk-1-300x98.jpg 300w, https:\/\/glazza.eu\/wp-content\/uploads\/2016\/04\/PresentartieGazaBewerk-1-1024x334.jpg 1024w\" sizes=\"(max-width: 1885px) 100vw, 1885px\" \/><\/p>\n<p style=\"text-align: left;\"><span style=\"font-family: 'Courier New', Courier;\">In februari 2016 bezocht de Belgische glaskunstenaar\u00a0<a href=\"http:\/\/www.michelevanvlasselaer.com\" target=\"_blank\">Mich\u00e8le Vanvlasselaer<\/a>\u00a0Gaza, waar ze aan de <em>University of Palestine<\/em>\u00a0een lezing over haar werk : licht, glas en architectuur gaf.\u00a0<\/span><\/p>\n<p style=\"text-align: left;\"><span style=\"font-family: 'Courier New',Courier;\"><span style=\"color: #008080;\">De laatste 20 jaar reisde Mich\u00e8le vrij intensief naar het Midden-Oosten waaronder ook naar Palestina en Isra\u00ebl. Mich\u00e8le woonde en werkte enkele jaren in Ca\u00efro en Alexandri\u00eb, Egypte.\u00a0<\/span><\/span><\/p>\n<p style=\"text-align: left;\"><span style=\"font-family: 'Courier New',Courier; color: #000000;\">Toch werd de reis naar Gaza\u00a0een onverwachte revelatie en kwam ze terug met een heleboel idee\u00ebn. Mich\u00e8le besloot om met een groep vrienden de vzw GLAZZA op te richten: de vereniging ondersteunt\u00a0artistieke en educatieve projecten in de visuele kunsten, in Belgi\u00eb, maar ook in minder bereikbare\u00a0regio&#8217;s in de wereld zoals Gaza.<\/span><\/p>\n<p>&nbsp;<\/p>\n<p style=\"text-align: left;\"><span style=\"color: #008080;\"><em><span style=\"font-family: 'Courier New',Courier;\"><br \/>\n<\/span><\/em><\/span><\/p>\n<p><\/p>","protected":false},"excerpt":{"rendered":"<p>In februari 2016 bezocht de Belgische glaskunstenaar\u00a0Mich\u00e8le Vanvlasselaer\u00a0Gaza, waar ze aan de University of Palestine\u00a0een lezing over haar werk : licht, glas en architectuur gaf.\u00a0 De laatste 20 jaar reisde Mich\u00e8le vrij intensief naar het Midden-Oosten waaronder ook naar Palestina [&hellip;]<\/p>\n","protected":false},"author":1,"featured_media":0,"parent":0,"menu_order":1,"comment_status":"closed","ping_status":"closed","template":"","meta":[],"_links":{"self":[{"href":"https:\/\/glazza.eu\/nl\/wp-json\/wp\/v2\/pages\/565"}],"collection":[{"href":"https:\/\/glazza.eu\/nl\/wp-json\/wp\/v2\/pages"}],"about":[{"href":"https:\/\/glazza.eu\/nl\/wp-json\/wp\/v2\/types\/page"}],"author":[{"embeddable":true,"href":"https:\/\/glazza.eu\/nl\/wp-json\/wp\/v2\/users\/1"}],"replies":[{"embeddable":true,"href":"https:\/\/glazza.eu\/nl\/wp-json\/wp\/v2\/comments?post=565"}],"version-history":[{"count":34,"href":"https:\/\/glazza.eu\/nl\/wp-json\/wp\/v2\/pages\/565\/revisions"}],"predecessor-version":[{"id":1196,"href":"https:\/\/glazza.eu\/nl\/wp-json\/wp\/v2\/pages\/565\/revisions\/1196"}],"wp:attachment":[{"href":"https:\/\/glazza.eu\/nl\/wp-json\/wp\/v2\/media?parent=565"}],"curies":[{"name":"wp","href":"https:\/\/api.w.org\/{rel}","templated":true}]}}